{"id":300,"date":"2023-01-04T10:11:12","date_gmt":"2023-01-04T09:11:12","guid":{"rendered":"https:\/\/www.amosrestaurant.cz\/napojovy-listek\/"},"modified":"2025-06-12T13:54:13","modified_gmt":"2025-06-12T11:54:13","slug":"napojovy-listek","status":"publish","type":"page","link":"https:\/\/www.amosrestaurant.cz\/it\/napojovy-listek\/","title":{"rendered":"n\u00e1pojov\u00fd l\u00edstek"},"content":{"rendered":"<p>[et_pb_section fb_built=&#8221;1&#8243; _builder_version=&#8221;4.19.4&#8243; _module_preset=&#8221;default&#8221; background_color=&#8221;#000000&#8243; global_colors_info=&#8221;{}&#8221; theme_builder_area=&#8221;post_content&#8221;][et_pb_row _builder_version=&#8221;4.19.4&#8243; _module_preset=&#8221;default&#8221; global_colors_info=&#8221;{}&#8221; theme_builder_area=&#8221;post_content&#8221;][et_pb_column type=&#8221;4_4&#8243; _builder_version=&#8221;4.19.4&#8243; _module_preset=&#8221;default&#8221; global_colors_info=&#8221;{}&#8221; theme_builder_area=&#8221;post_content&#8221;][et_pb_text _builder_version=&#8221;4.27.4&#8243; _module_preset=&#8221;default&#8221; hover_enabled=&#8221;0&#8243; global_colors_info=&#8221;{}&#8221; theme_builder_area=&#8221;post_content&#8221; sticky_enabled=&#8221;0&#8243;]<\/p>\n<table border=\"0\" width=\"100%\" cellspacing=\"0\" cellpadding=\"3px\" style=\"width: 100%; height: 2688px;\">\n<tbody>\n<tr style=\"height: 24px;\">\n<td style=\"width: 77.2563%; height: 24px;\">Aperitivi<\/td>\n<td style=\"width: 13.7184%; height: 24px;\"><\/td>\n<td style=\"width: 8.7846%; height: 24px;\"><\/td>\n<\/tr>\n<tr style=\"height: 24px;\">\n<td style=\"width: 77.2563%; height: 24px;\">Cinzano bianco<\/td>\n<td style=\"width: 13.7184%; height: 24px;\">0,1 litri<\/td>\n<td style=\"width: 8.7846%; height: 24px;\">69,-<\/td>\n<\/tr>\n<tr style=\"height: 24px;\">\n<td style=\"width: 77.2563%; height: 24px;\">Cinzano rosso<\/td>\n<td style=\"width: 13.7184%; height: 24px;\">0,1 litri<\/td>\n<td style=\"width: 8.7846%; height: 24px;\">69,-<\/td>\n<\/tr>\n<tr style=\"height: 24px;\">\n<td style=\"width: 77.2563%; height: 24px;\">Martini extra dry<\/td>\n<td style=\"width: 13.7184%; height: 24px;\">0,1 litri<\/td>\n<td style=\"width: 8.7846%; height: 24px;\">69,-<\/td>\n<\/tr>\n<tr style=\"height: 24px;\">\n<td style=\"width: 77.2563%; height: 24px;\">Campari<\/td>\n<td style=\"width: 13.7184%; height: 24px;\">0,1 litri<\/td>\n<td style=\"width: 8.7846%; height: 24px;\">69,-<\/td>\n<\/tr>\n<tr style=\"height: 24px;\">\n<td style=\"width: 77.2563%; height: 24px;\">LIQUORI E ALCOLICI<\/td>\n<td style=\"width: 13.7184%; height: 24px;\"><\/td>\n<td style=\"width: 8.7846%; height: 24px;\"><\/td>\n<\/tr>\n<tr style=\"height: 24px;\">\n<td style=\"width: 77.2563%; height: 24px;\">LIQUORI ALLE ERBE<\/td>\n<td style=\"width: 13.7184%; height: 24px;\"><\/td>\n<td style=\"width: 8.7846%; height: 24px;\"><\/td>\n<\/tr>\n<tr style=\"height: 24px;\">\n<td style=\"width: 77.2563%; height: 24px;\">Fernet stock originale<\/td>\n<td style=\"width: 13.7184%; height: 24px;\">0,04 litri<\/td>\n<td style=\"width: 8.7846%; height: 24px;\">65,-<\/td>\n<\/tr>\n<tr style=\"height: 24px;\">\n<td style=\"width: 77.2563%; height: 24px;\">Fernet Stock Agrumi<\/td>\n<td style=\"width: 13.7184%; height: 24px;\">0,04 litri<\/td>\n<td style=\"width: 8.7846%; height: 24px;\">65,-<\/td>\n<\/tr>\n<tr style=\"height: 24px;\">\n<td style=\"width: 77.2563%; height: 24px;\">Becherovka<\/td>\n<td style=\"width: 13.7184%; height: 24px;\">0,04 litri<\/td>\n<td style=\"width: 8.7846%; height: 24px;\">65,-<\/td>\n<\/tr>\n<tr style=\"height: 24px;\">\n<td style=\"width: 77.2563%; height: 24px;\">Becherovka Limone<\/td>\n<td style=\"width: 13.7184%; height: 24px;\">0,04 litri<\/td>\n<td style=\"width: 8.7846%; height: 24px;\">65,-<\/td>\n<\/tr>\n<tr style=\"height: 24px;\">\n<td style=\"width: 77.2563%; height: 24px;\">J\u00e4germeister<\/td>\n<td style=\"width: 13.7184%; height: 24px;\">0,04 litri<\/td>\n<td style=\"width: 8.7846%; height: 24px;\">69,-<\/td>\n<\/tr>\n<tr style=\"height: 24px;\">\n<td style=\"width: 77.2563%; height: 24px;\">LIQUORI<\/td>\n<td style=\"width: 13.7184%; height: 24px;\"><\/td>\n<td style=\"width: 8.7846%; height: 24px;\"><\/td>\n<\/tr>\n<tr style=\"height: 24px;\">\n<td style=\"width: 77.2563%; height: 24px;\">Menta Piperita Bo\u017ekov<\/td>\n<td style=\"width: 13.7184%; height: 24px;\">0,04 litri<\/td>\n<td style=\"width: 8.7846%; height: 24px;\">59,-<\/td>\n<\/tr>\n<tr style=\"height: 24px;\">\n<td style=\"width: 77.2563%; height: 24px;\">Bo\u017ekov Griotte<\/td>\n<td style=\"width: 13.7184%; height: 24px;\">0,04 litri<\/td>\n<td style=\"width: 8.7846%; height: 24px;\">59,-<\/td>\n<\/tr>\n<tr style=\"height: 24px;\">\n<td style=\"width: 77.2563%; height: 24px;\">Mela Berentzen<\/td>\n<td style=\"width: 13.7184%; height: 24px;\">0,04 litri<\/td>\n<td style=\"width: 8.7846%; height: 24px;\">59,-<\/td>\n<\/tr>\n<tr style=\"height: 24px;\">\n<td style=\"width: 77.2563%; height: 24px;\">Bailey<\/td>\n<td style=\"width: 13.7184%; height: 24px;\">0,04 litri<\/td>\n<td style=\"width: 8.7846%; height: 24px;\">65,-<\/td>\n<\/tr>\n<tr style=\"height: 24px;\">\n<td style=\"width: 77.2563%; height: 24px;\">VODKA<\/td>\n<td style=\"width: 13.7184%; height: 24px;\"><\/td>\n<td style=\"width: 8.7846%; height: 24px;\"><\/td>\n<\/tr>\n<tr style=\"height: 24px;\">\n<td style=\"width: 77.2563%; height: 24px;\">Finlandia<\/td>\n<td style=\"width: 13.7184%; height: 24px;\">0,04 litri<\/td>\n<td style=\"width: 8.7846%; height: 24px;\">65,-<\/td>\n<\/tr>\n<tr style=\"height: 24px;\">\n<td style=\"width: 77.2563%; height: 24px;\">Absolut<\/td>\n<td style=\"width: 13.7184%; height: 24px;\">0,04 litri<\/td>\n<td style=\"width: 8.7846%; height: 24px;\">69,-<\/td>\n<\/tr>\n<tr style=\"height: 24px;\">\n<td style=\"width: 77.2563%; height: 24px;\">RUM \/ DOMESTICO \/ SPEZIATO<\/td>\n<td style=\"width: 13.7184%; height: 24px;\"><\/td>\n<td style=\"width: 8.7846%; height: 24px;\"><\/td>\n<\/tr>\n<tr style=\"height: 24px;\">\n<td style=\"width: 77.2563%; height: 24px;\">Bo\u017ekov originale (domestico)<\/td>\n<td style=\"width: 13.7184%; height: 24px;\">0,04 litri<\/td>\n<td style=\"width: 8.7846%; height: 24px;\">59,-<\/td>\n<\/tr>\n<tr style=\"height: 24px;\">\n<td style=\"width: 77.2563%; height: 24px;\">Capitan Morgan Speziato<\/td>\n<td style=\"width: 13.7184%; height: 24px;\">0,04 litri<\/td>\n<td style=\"width: 8.7846%; height: 24px;\">69,-<\/td>\n<\/tr>\n<tr style=\"height: 24px;\">\n<td style=\"width: 77.2563%; height: 24px;\">Esclusiva Bo\u017ekov Republica<\/td>\n<td style=\"width: 13.7184%; height: 24px;\">0,04 litri<\/td>\n<td style=\"width: 8.7846%; height: 24px;\">69,-<\/td>\n<\/tr>\n<tr style=\"height: 24px;\">\n<td style=\"width: 77.2563%; height: 24px;\">Pampero Anniversario<\/td>\n<td style=\"width: 13.7184%; height: 24px;\">0,04 litri<\/td>\n<td style=\"width: 8.7846%; height: 24px;\">109,-<\/td>\n<\/tr>\n<tr style=\"height: 24px;\">\n<td style=\"width: 77.2563%; height: 24px;\">Ron Zacapa 23 Centenario<\/td>\n<td style=\"width: 13.7184%; height: 24px;\">0,04 litri<\/td>\n<td style=\"width: 8.7846%; height: 24px;\">149,-<\/td>\n<\/tr>\n<tr style=\"height: 24px;\">\n<td style=\"width: 77.2563%; height: 24px;\">Havana Club Anejo Especial<\/td>\n<td style=\"width: 13.7184%; height: 24px;\">0,04 litri<\/td>\n<td style=\"width: 8.7846%; height: 24px;\">89,-<\/td>\n<\/tr>\n<tr style=\"height: 24px;\">\n<td style=\"width: 77.2563%; height: 24px;\">Bacard\u00ec<\/td>\n<td style=\"width: 13.7184%; height: 24px;\">0,04 litri<\/td>\n<td style=\"width: 8.7846%; height: 24px;\">69,-<\/td>\n<\/tr>\n<tr style=\"height: 24px;\">\n<td style=\"width: 77.2563%; height: 24px;\">ALTRI DISTILLATI<\/td>\n<td style=\"width: 13.7184%; height: 24px;\"><\/td>\n<td style=\"width: 8.7846%; height: 24px;\"><\/td>\n<\/tr>\n<tr style=\"height: 24px;\">\n<td style=\"width: 77.2563%; height: 24px;\">Vino di prugne<\/td>\n<td style=\"width: 13.7184%; height: 24px;\">0,04 litri<\/td>\n<td style=\"width: 8.7846%; height: 24px;\">65,-<\/td>\n<\/tr>\n<tr style=\"height: 24px;\">\n<td style=\"width: 77.2563%; height: 24px;\">Hruskovice<\/td>\n<td style=\"width: 13.7184%; height: 24px;\">0,04 litri<\/td>\n<td style=\"width: 8.7846%; height: 24px;\">65,-<\/td>\n<\/tr>\n<tr style=\"height: 24px;\">\n<td style=\"width: 77.2563%; height: 24px;\">Pino Spi\u0161ka<\/td>\n<td style=\"width: 13.7184%; height: 24px;\">0,04 litri<\/td>\n<td style=\"width: 8.7846%; height: 24px;\">65<\/td>\n<\/tr>\n<tr style=\"height: 24px;\">\n<td style=\"width: 77.2563%; height: 24px;\">Tequila Sombrero Negro<\/td>\n<td style=\"width: 13.7184%; height: 24px;\">0,04 litri<\/td>\n<td style=\"width: 8.7846%; height: 24px;\">69,-<\/td>\n<\/tr>\n<tr style=\"height: 24px;\">\n<td style=\"width: 77.2563%; height: 24px;\">London Dry Gin di Gordon<\/td>\n<td style=\"width: 13.7184%; height: 24px;\">0,04 litri<\/td>\n<td style=\"width: 8.7846%; height: 24px;\">69,-<\/td>\n<\/tr>\n<tr style=\"height: 24px;\">\n<td style=\"width: 77.2563%; height: 24px;\">Grappa Ramazzotti<\/td>\n<td style=\"width: 13.7184%; height: 24px;\">0,04 litri<\/td>\n<td style=\"width: 8.7846%; height: 24px;\">79,-<\/td>\n<\/tr>\n<tr style=\"height: 24px;\">\n<td style=\"width: 77.2563%; height: 24px;\">Assenzio<\/td>\n<td style=\"width: 13.7184%; height: 24px;\">0,04 litri<\/td>\n<td style=\"width: 8.7846%; height: 24px;\">99,-<\/td>\n<\/tr>\n<tr style=\"height: 24px;\">\n<td style=\"width: 77.2563%; height: 24px;\">BRANDY E COGNAC<\/td>\n<td style=\"width: 13.7184%; height: 24px;\"><\/td>\n<td style=\"width: 8.7846%; height: 24px;\"><\/td>\n<\/tr>\n<tr style=\"height: 24px;\">\n<td style=\"width: 77.2563%; height: 24px;\">Vecchia caccia<\/td>\n<td style=\"width: 13.7184%; height: 24px;\">0,04 litri<\/td>\n<td style=\"width: 8.7846%; height: 24px;\">65,-<\/td>\n<\/tr>\n<tr style=\"height: 24px;\">\n<td style=\"width: 77.2563%; height: 24px;\">Metaxa *****<\/td>\n<td style=\"width: 13.7184%; height: 24px;\">0,04 litri<\/td>\n<td style=\"width: 8.7846%; height: 24px;\">69,-<\/td>\n<\/tr>\n<tr style=\"height: 24px;\">\n<td style=\"width: 77.2563%; height: 24px;\">Hennessy<\/td>\n<td style=\"width: 13.7184%; height: 24px;\">0,04 litri<\/td>\n<td style=\"width: 8.7846%; height: 24px;\">119,-<\/td>\n<\/tr>\n<tr style=\"height: 24px;\">\n<td style=\"width: 77.2563%; height: 24px;\">Martello<\/td>\n<td style=\"width: 13.7184%; height: 24px;\">0,04 litri<\/td>\n<td style=\"width: 8.7846%; height: 24px;\">119,-<\/td>\n<\/tr>\n<tr style=\"height: 24px;\">\n<td style=\"width: 77.2563%; height: 24px;\"><\/td>\n<td style=\"width: 13.7184%; height: 24px;\"><\/td>\n<td style=\"width: 8.7846%; height: 24px;\"><\/td>\n<\/tr>\n<tr style=\"height: 24px;\">\n<td style=\"width: 77.2563%; height: 24px;\">WHISKY E WHISKY<\/td>\n<td style=\"width: 13.7184%; height: 24px;\"><\/td>\n<td style=\"width: 8.7846%; height: 24px;\"><\/td>\n<\/tr>\n<tr style=\"height: 24px;\">\n<td style=\"width: 77.2563%; height: 24px;\">Johnnie Walker Red Label<\/td>\n<td style=\"width: 13.7184%; height: 24px;\">0,04 litri<\/td>\n<td style=\"width: 8.7846%; height: 24px;\">69,-<\/td>\n<\/tr>\n<tr style=\"height: 24px;\">\n<td style=\"width: 77.2563%; height: 24px;\">Chivas Regal 12 anni<\/td>\n<td style=\"width: 13.7184%; height: 24px;\">0,04 litri<\/td>\n<td style=\"width: 8.7846%; height: 24px;\">99,-<\/td>\n<\/tr>\n<tr style=\"height: 24px;\">\n<td style=\"width: 77.2563%; height: 24px;\">Bushmills<\/td>\n<td style=\"width: 13.7184%; height: 24px;\">0,04 litri<\/td>\n<td style=\"width: 8.7846%; height: 24px;\">75,-<\/td>\n<\/tr>\n<tr style=\"height: 24px;\">\n<td style=\"width: 77.2563%; height: 24px;\">Jameson<\/td>\n<td style=\"width: 13.7184%; height: 24px;\">0,04 litri<\/td>\n<td style=\"width: 8.7846%; height: 24px;\">75,-<\/td>\n<\/tr>\n<tr style=\"height: 24px;\">\n<td style=\"width: 77.2563%; height: 24px;\">Rugiada di Tullamore<\/td>\n<td style=\"width: 13.7184%; height: 24px;\">0,04 litri<\/td>\n<td style=\"width: 8.7846%; height: 24px;\">75,-<\/td>\n<\/tr>\n<tr style=\"height: 24px;\">\n<td style=\"width: 77.2563%; height: 24px;\">BOURBON, WHISKY<\/td>\n<td style=\"width: 13.7184%; height: 24px;\"><\/td>\n<td style=\"width: 8.7846%; height: 24px;\"><\/td>\n<\/tr>\n<tr style=\"height: 24px;\">\n<td style=\"width: 77.2563%; height: 24px;\">Jim Beam<\/td>\n<td style=\"width: 13.7184%; height: 24px;\">0,04 litri<\/td>\n<td style=\"width: 8.7846%; height: 24px;\">69,-<\/td>\n<\/tr>\n<tr style=\"height: 24px;\">\n<td style=\"width: 77.2563%; height: 24px;\">Jack Daniel&#8217;s<\/td>\n<td style=\"width: 13.7184%; height: 24px;\">0,04 litri<\/td>\n<td style=\"width: 8.7846%; height: 24px;\">89,-<\/td>\n<\/tr>\n<tr style=\"height: 24px;\">\n<td style=\"width: 77.2563%; height: 24px;\">BIRRA<\/td>\n<td style=\"width: 13.7184%; height: 24px;\"><\/td>\n<td style=\"width: 8.7846%; height: 24px;\"><\/td>\n<\/tr>\n<tr style=\"height: 24px;\">\n<td style=\"width: 77.2563%; height: 24px;\">BIRRA DRAGING<\/td>\n<td style=\"width: 13.7184%; height: 24px;\"><\/td>\n<td style=\"width: 8.7846%; height: 24px;\"><\/td>\n<\/tr>\n<tr style=\"height: 24px;\">\n<td style=\"width: 77.2563%; height: 24px;\">Pilsner Urquell<\/td>\n<td style=\"width: 13.7184%; height: 24px;\">0,5 litri<\/td>\n<td style=\"width: 8.7846%; height: 24px;\">67,-<\/td>\n<\/tr>\n<tr style=\"height: 24px;\">\n<td style=\"width: 77.2563%; height: 24px;\">Pilsner Urquell<\/td>\n<td style=\"width: 13.7184%; height: 24px;\">0,3 litri<\/td>\n<td style=\"width: 8.7846%; height: 24px;\">41,-<\/td>\n<\/tr>\n<tr style=\"height: 24px;\">\n<td style=\"width: 77.2563%; height: 24px;\">Capra nera<\/td>\n<td style=\"width: 13.7184%; height: 24px;\">0,5 litri<\/td>\n<td style=\"width: 8.7846%; height: 24px;\">59,-<\/td>\n<\/tr>\n<tr style=\"height: 24px;\">\n<td style=\"width: 77.2563%; height: 24px;\">Capra nera<\/td>\n<td style=\"width: 13.7184%; height: 24px;\">0,3 litri<\/td>\n<td style=\"width: 8.7846%; height: 24px;\">36,-<\/td>\n<\/tr>\n<tr style=\"height: 24px;\">\n<td style=\"width: 77.2563%; height: 24px;\">BIRRA IN BOTTIGLIA<\/td>\n<td style=\"width: 13.7184%; height: 24px;\"><\/td>\n<td style=\"width: 8.7846%; height: 24px;\"><\/td>\n<\/tr>\n<tr style=\"height: 24px;\">\n<td style=\"width: 77.2563%; height: 24px;\">Birell analcolico<\/td>\n<td style=\"width: 13.7184%; height: 24px;\">0,5 litri<\/td>\n<td style=\"width: 8.7846%; height: 24px;\">49,-<\/td>\n<\/tr>\n<tr style=\"height: 24px;\">\n<td style=\"width: 77.2563%; height: 24px;\">Birell Pomelo\/Pomelo<\/td>\n<td style=\"width: 13.7184%; height: 24px;\">0,33 litri<\/td>\n<td style=\"width: 8.7846%; height: 24px;\">49,-<\/td>\n<\/tr>\n<tr style=\"height: 24px;\">\n<td style=\"width: 77.2563%; height: 24px;\">Corona<\/td>\n<td style=\"width: 13.7184%; height: 24px;\">0,33 litri<\/td>\n<td style=\"width: 8.7846%; height: 24px;\">79,-<\/td>\n<\/tr>\n<tr style=\"height: 24px;\">\n<td style=\"width: 77.2563%; height: 24px;\">Frisco<\/td>\n<td style=\"width: 13.7184%; height: 24px;\">0,33 litri<\/td>\n<td style=\"width: 8.7846%; height: 24px;\">55,-<\/td>\n<\/tr>\n<tr style=\"height: 24px;\">\n<td style=\"width: 77.2563%; height: 24px;\">Sidro di mele Strongbow<\/td>\n<td style=\"width: 13.7184%; height: 24px;\">0,4 litri<\/td>\n<td style=\"width: 8.7846%; height: 24px;\">59,-<\/td>\n<\/tr>\n<tr style=\"height: 24px;\">\n<td style=\"width: 77.2563%; height: 24px;\"><\/td>\n<td style=\"width: 13.7184%; height: 24px;\"><\/td>\n<td style=\"width: 8.7846%; height: 24px;\"><\/td>\n<\/tr>\n<tr style=\"height: 24px;\">\n<td style=\"width: 77.2563%; height: 24px;\">VINO BIANCO<\/td>\n<td style=\"width: 13.7184%; height: 24px;\"><\/td>\n<td style=\"width: 8.7846%; height: 24px;\"><\/td>\n<\/tr>\n<tr style=\"height: 24px;\">\n<td style=\"width: 77.2563%; height: 24px;\">Chardonnay secco, Italia, Friuli<\/td>\n<td style=\"width: 13.7184%; height: 24px;\">0,2 litri<\/td>\n<td style=\"width: 8.7846%; height: 24px;\">66,-<\/td>\n<\/tr>\n<tr style=\"height: 24px;\">\n<td style=\"width: 77.2563%; height: 24px;\"><\/td>\n<td style=\"width: 13.7184%; height: 24px;\"><\/td>\n<td style=\"width: 8.7846%; height: 24px;\"><\/td>\n<\/tr>\n<tr style=\"height: 24px;\">\n<td style=\"width: 77.2563%; height: 24px;\">VINO ROSSO<\/td>\n<td style=\"width: 13.7184%; height: 24px;\"><\/td>\n<td style=\"width: 8.7846%; height: 24px;\"><\/td>\n<\/tr>\n<tr style=\"height: 24px;\">\n<td style=\"width: 77.2563%; height: 24px;\">Merlot secco, Italia, Friuli<\/td>\n<td style=\"width: 13.7184%; height: 24px;\">0,2 litri<\/td>\n<td style=\"width: 8.7846%; height: 24px;\">66,-<\/td>\n<\/tr>\n<tr style=\"height: 24px;\">\n<td style=\"width: 77.2563%; height: 24px;\">Rosato secco, Italia, Friuli<\/td>\n<td style=\"width: 13.7184%; height: 24px;\">0,2 litri<\/td>\n<td style=\"width: 8.7846%; height: 24px;\">66,-<\/td>\n<\/tr>\n<tr style=\"height: 24px;\">\n<td style=\"width: 77.2563%; height: 24px;\"><\/td>\n<td style=\"width: 13.7184%; height: 24px;\"><\/td>\n<td style=\"width: 8.7846%; height: 24px;\"><\/td>\n<\/tr>\n<tr style=\"height: 24px;\">\n<td style=\"width: 77.2563%; height: 24px;\">Una gamma di vini pi\u00f9 ampia in base alla carta dei vini.<\/td>\n<td style=\"width: 13.7184%; height: 24px;\"><\/td>\n<td style=\"width: 8.7846%; height: 24px;\"><\/td>\n<\/tr>\n<tr style=\"height: 24px;\">\n<td style=\"width: 77.2563%; height: 24px;\">Gamma di vini pi\u00f9 ampia in base alla carta dei vini.<\/td>\n<td style=\"width: 13.7184%; height: 24px;\"><\/td>\n<td style=\"width: 8.7846%; height: 24px;\"><\/td>\n<\/tr>\n<tr style=\"height: 24px;\">\n<td style=\"width: 77.2563%; height: 24px;\">VINO SPUMANTE<\/td>\n<td style=\"width: 13.7184%; height: 24px;\"><\/td>\n<td style=\"width: 8.7846%; height: 24px;\"><\/td>\n<\/tr>\n<tr style=\"height: 24px;\">\n<td style=\"width: 77.2563%; height: 24px;\">Bohemia Brut, Demi sec<\/td>\n<td style=\"width: 13.7184%; height: 24px;\">0,75 litri<\/td>\n<td style=\"width: 8.7846%; height: 24px;\">329,-<\/td>\n<\/tr>\n<tr style=\"height: 24px;\">\n<td style=\"width: 77.2563%; height: 24px;\">Prosecco<\/td>\n<td style=\"width: 13.7184%; height: 24px;\"><\/td>\n<td style=\"width: 8.7846%; height: 24px;\">322,-<\/td>\n<\/tr>\n<tr style=\"height: 24px;\">\n<td style=\"width: 77.2563%; height: 24px;\">Prosecco<\/td>\n<td style=\"width: 13.7184%; height: 24px;\"><\/td>\n<td style=\"width: 8.7846%; height: 24px;\">92,-<\/td>\n<\/tr>\n<tr style=\"height: 24px;\">\n<td style=\"width: 77.2563%; height: 24px;\">BEVANDE ANALCOLICHE<\/td>\n<td style=\"width: 13.7184%; height: 24px;\"><\/td>\n<td style=\"width: 8.7846%; height: 24px;\"><\/td>\n<\/tr>\n<tr style=\"height: 24px;\">\n<td style=\"width: 77.2563%; height: 24px;\">Coca-Cola, Coca-Cola Zero<\/td>\n<td style=\"width: 13.7184%; height: 24px;\">0,33 litri<\/td>\n<td style=\"width: 8.7846%; height: 24px;\">64,-<\/td>\n<\/tr>\n<tr style=\"height: 24px;\">\n<td style=\"width: 77.2563%; height: 24px;\">Fanta, Folletto<\/td>\n<td style=\"width: 13.7184%; height: 24px;\">0,33 litri<\/td>\n<td style=\"width: 8.7846%; height: 24px;\">64,-<\/td>\n<\/tr>\n<tr style=\"height: 24px;\">\n<td style=\"width: 77.2563%; height: 24px;\">Acqua tonica Kinley, Ginger ale<\/td>\n<td style=\"width: 13.7184%; height: 24px;\">0,25 litri<\/td>\n<td style=\"width: 8.7846%; height: 24px;\">64,-<\/td>\n<\/tr>\n<tr style=\"height: 24px;\">\n<td style=\"width: 77.2563%; height: 24px;\">T\u00e8 verde Nestea<\/td>\n<td style=\"width: 13.7184%; height: 24px;\">0,2 litri<\/td>\n<td style=\"width: 8.7846%; height: 24px;\">64,-<\/td>\n<\/tr>\n<tr style=\"height: 24px;\">\n<td style=\"width: 77.2563%; height: 24px;\">Cappy mela (mela)<\/td>\n<td style=\"width: 13.7184%; height: 24px;\">0,25 litri<\/td>\n<td style=\"width: 8.7846%; height: 24px;\">64,-<\/td>\n<\/tr>\n<tr style=\"height: 24px;\">\n<td style=\"width: 77.2563%; height: 24px;\">Cappy multivitaminico<\/td>\n<td style=\"width: 13.7184%; height: 24px;\">0,25 litri<\/td>\n<td style=\"width: 8.7846%; height: 24px;\">64,-<\/td>\n<\/tr>\n<tr style=\"height: 24px;\">\n<td style=\"width: 77.2563%; height: 24px;\">Cappy ribes (ribes nero)<\/td>\n<td style=\"width: 13.7184%; height: 24px;\">0,25 litri<\/td>\n<td style=\"width: 8.7846%; height: 24px;\">64,-<\/td>\n<\/tr>\n<tr style=\"height: 24px;\">\n<td style=\"width: 77.2563%; height: 24px;\">Cappy fragola<\/td>\n<td style=\"width: 13.7184%; height: 24px;\">0,25 litri<\/td>\n<td style=\"width: 8.7846%; height: 24px;\">64,-<\/td>\n<\/tr>\n<tr style=\"height: 24px;\">\n<td style=\"width: 77.2563%; height: 24px;\">Cappy succo d&#8217;arancia<\/td>\n<td style=\"width: 13.7184%; height: 24px;\">0,25 litri<\/td>\n<td style=\"width: 8.7846%; height: 24px;\">64,-<\/td>\n<\/tr>\n<tr style=\"height: 24px;\">\n<td style=\"width: 77.2563%; height: 24px;\">Bonaqua secondo l&#8217;offerta<\/td>\n<td style=\"width: 13.7184%; height: 24px;\">0,25 litri<\/td>\n<td style=\"width: 8.7846%; height: 24px;\">45,-<\/td>\n<\/tr>\n<tr style=\"height: 24px;\">\n<td style=\"width: 77.2563%; height: 24px;\">Mattoni<\/td>\n<td style=\"width: 13.7184%; height: 24px;\">0,33 litri<\/td>\n<td style=\"width: 8.7846%; height: 24px;\">45,-<\/td>\n<\/tr>\n<tr style=\"height: 24px;\">\n<td style=\"width: 77.2563%; height: 24px;\">Romerquelle<\/td>\n<td style=\"width: 13.7184%; height: 24px;\">0,75 litri<\/td>\n<td style=\"width: 8.7846%; height: 24px;\">79,-<\/td>\n<\/tr>\n<tr style=\"height: 24px;\">\n<td style=\"width: 77.2563%; height: 24px;\">Limonata fatta in casa<\/td>\n<td style=\"width: 13.7184%; height: 24px;\">0,4 litri<\/td>\n<td style=\"width: 8.7846%; height: 24px;\">64,-<\/td>\n<\/tr>\n<tr style=\"height: 24px;\">\n<td style=\"width: 77.2563%; height: 24px;\">(Limonata fatta in casa)<\/td>\n<td style=\"width: 13.7184%; height: 24px;\"><\/td>\n<td style=\"width: 8.7846%; height: 24px;\"><\/td>\n<\/tr>\n<tr style=\"height: 24px;\">\n<td style=\"width: 77.2563%; height: 24px;\">Red Bull (latta)<\/td>\n<td style=\"width: 13.7184%; height: 24px;\">0,25 litri<\/td>\n<td style=\"width: 8.7846%; height: 24px;\">69,-<\/td>\n<\/tr>\n<tr style=\"height: 24px;\">\n<td style=\"width: 77.2563%; height: 24px;\">Mostro<\/td>\n<td style=\"width: 13.7184%; height: 24px;\">0,5 litri<\/td>\n<td style=\"width: 8.7846%; height: 24px;\">74,-<\/td>\n<\/tr>\n<tr style=\"height: 24px;\">\n<td style=\"width: 77.2563%; height: 24px;\">BEVANDE CALDE<\/td>\n<td style=\"width: 13.7184%; height: 24px;\"><\/td>\n<td style=\"width: 8.7846%; height: 24px;\"><\/td>\n<\/tr>\n<tr style=\"height: 24px;\">\n<td style=\"width: 77.2563%; height: 24px;\">Espresso<\/td>\n<td style=\"width: 13.7184%; height: 24px;\">7g<\/td>\n<td style=\"width: 8.7846%; height: 24px;\">65,-<\/td>\n<\/tr>\n<tr style=\"height: 24px;\">\n<td style=\"width: 77.2563%; height: 24px;\">Cappuccino<\/td>\n<td style=\"width: 13.7184%; height: 24px;\">7g<\/td>\n<td style=\"width: 8.7846%; height: 24px;\">65,-<\/td>\n<\/tr>\n<tr style=\"height: 24px;\">\n<td style=\"width: 77.2563%; height: 24px;\">Caff\u00e8 Latte<\/td>\n<td style=\"width: 13.7184%; height: 24px;\">7g<\/td>\n<td style=\"width: 8.7846%; height: 24px;\">53,-<\/td>\n<\/tr>\n<tr style=\"height: 24px;\">\n<td style=\"width: 77.2563%; height: 24px;\">Caff\u00e8 decaffeinato<\/td>\n<td style=\"width: 13.7184%; height: 24px;\">7g<\/td>\n<td style=\"width: 8.7846%; height: 24px;\">49,-<\/td>\n<\/tr>\n<tr style=\"height: 24px;\">\n<td style=\"width: 77.2563%; height: 24px;\">Caff\u00e8 irlandese<\/td>\n<td style=\"width: 13.7184%; height: 24px;\">7g<\/td>\n<td style=\"width: 8.7846%; height: 24px;\">105,-<\/td>\n<\/tr>\n<tr style=\"height: 24px;\">\n<td style=\"width: 77.2563%; height: 24px;\">Cioccolata calda<\/td>\n<td style=\"width: 13.7184%; height: 24px;\">0,2 litri<\/td>\n<td style=\"width: 8.7846%; height: 24px;\">79,-<\/td>\n<\/tr>\n<tr style=\"height: 24px;\">\n<td style=\"width: 77.2563%; height: 24px;\">Grog (4cl domestico)<\/td>\n<td style=\"width: 13.7184%; height: 24px;\">0,2 litri<\/td>\n<td style=\"width: 8.7846%; height: 24px;\">69,-<\/td>\n<\/tr>\n<tr style=\"height: 24px;\">\n<td style=\"width: 77.2563%; height: 24px;\">Griotka calda (griotte da 4 cl)<\/td>\n<td style=\"width: 13.7184%; height: 24px;\">0,2 litri<\/td>\n<td style=\"width: 8.7846%; height: 24px;\">69,-<\/td>\n<\/tr>\n<tr style=\"height: 24px;\">\n<td style=\"width: 77.2563%; height: 24px;\">Rosso brul\u00e8, vino bianco<\/td>\n<td style=\"width: 13.7184%; height: 24px;\">0,2 litri<\/td>\n<td style=\"width: 8.7846%; height: 24px;\">79,-<\/td>\n<\/tr>\n<tr style=\"height: 24px;\">\n<td style=\"width: 77.2563%; height: 24px;\">T\u00e8 Earl Grey<\/td>\n<td style=\"width: 13.7184%; height: 24px;\"><\/td>\n<td style=\"width: 8.7846%; height: 24px;\">75,-<\/td>\n<\/tr>\n<tr style=\"height: 24px;\">\n<td style=\"width: 77.2563%; height: 24px;\">Tesoro<\/td>\n<td style=\"width: 13.7184%; height: 24px;\"><\/td>\n<td style=\"width: 8.7846%; height: 24px;\">10,-<\/td>\n<\/tr>\n<tr style=\"height: 24px;\">\n<td style=\"width: 77.2563%; height: 24px;\">BEVANDE MISTE<\/td>\n<td style=\"width: 13.7184%; height: 24px;\"><\/td>\n<td style=\"width: 8.7846%; height: 24px;\"><\/td>\n<\/tr>\n<tr style=\"height: 24px;\">\n<td style=\"width: 77.2563%; height: 24px;\">Aperol Spritz<\/td>\n<td style=\"width: 13.7184%; height: 24px;\"><\/td>\n<td style=\"width: 8.7846%; height: 24px;\">109,-<\/td>\n<\/tr>\n<tr style=\"height: 24px;\">\n<td style=\"width: 77.2563%; height: 24px;\">Cuba Libre<\/td>\n<td style=\"width: 13.7184%; height: 24px;\"><\/td>\n<td style=\"width: 8.7846%; height: 24px;\">149,-<\/td>\n<\/tr>\n<\/tbody>\n<\/table>\n<p>[\/et_pb_text][\/et_pb_column][\/et_pb_row][\/et_pb_section]<\/p>\n","protected":false},"excerpt":{"rendered":"<p>Aperitivi Cinzano bianco 0,1 litri 69,- Cinzano rosso 0,1 litri 69,- Martini extra dry 0,1 litri 69,- Campari 0,1 litri 69,- LIQUORI E ALCOLICI LIQUORI ALLE ERBE Fernet stock originale 0,04 litri 65,- Fernet Stock Agrumi 0,04 litri 65,- Becherovka 0,04 litri 65,- Becherovka Limone 0,04 litri 65,- J\u00e4germeister 0,04 litri 69,- LIQUORI Menta Piperita [&hellip;]<\/p>\n","protected":false},"author":1,"featured_media":0,"parent":0,"menu_order":0,"comment_status":"closed","ping_status":"closed","template":"","meta":{"_et_pb_use_builder":"on","_et_pb_old_content":"","_et_gb_content_width":"","footnotes":""},"class_list":["post-300","page","type-page","status-publish","hentry"],"_links":{"self":[{"href":"https:\/\/www.amosrestaurant.cz\/it\/wp-json\/wp\/v2\/pages\/300","targetHints":{"allow":["GET"]}}],"collection":[{"href":"https:\/\/www.amosrestaurant.cz\/it\/wp-json\/wp\/v2\/pages"}],"about":[{"href":"https:\/\/www.amosrestaurant.cz\/it\/wp-json\/wp\/v2\/types\/page"}],"author":[{"embeddable":true,"href":"https:\/\/www.amosrestaurant.cz\/it\/wp-json\/wp\/v2\/users\/1"}],"replies":[{"embeddable":true,"href":"https:\/\/www.amosrestaurant.cz\/it\/wp-json\/wp\/v2\/comments?post=300"}],"version-history":[{"count":10,"href":"https:\/\/www.amosrestaurant.cz\/it\/wp-json\/wp\/v2\/pages\/300\/revisions"}],"predecessor-version":[{"id":525,"href":"https:\/\/www.amosrestaurant.cz\/it\/wp-json\/wp\/v2\/pages\/300\/revisions\/525"}],"wp:attachment":[{"href":"https:\/\/www.amosrestaurant.cz\/it\/wp-json\/wp\/v2\/media?parent=300"}],"curies":[{"name":"wp","href":"https:\/\/api.w.org\/{rel}","templated":true}]}}