{"id":276,"date":"2022-12-24T15:09:51","date_gmt":"2022-12-24T14:09:51","guid":{"rendered":"https:\/\/www.amosrestaurant.cz\/kontakt\/"},"modified":"2023-02-01T13:31:27","modified_gmt":"2023-02-01T12:31:27","slug":"kontakt","status":"publish","type":"page","link":"https:\/\/www.amosrestaurant.cz\/it\/kontakt\/","title":{"rendered":"kontakt"},"content":{"rendered":"<p>[et_pb_section fb_built=&#8221;1&#8243; _builder_version=&#8221;4.19.4&#8243; _module_preset=&#8221;default&#8221; background_color=&#8221;#000000&#8243; global_colors_info=&#8221;{}&#8221; theme_builder_area=&#8221;post_content&#8221;][et_pb_row column_structure=&#8221;1_2,1_2&#8243; _builder_version=&#8221;4.19.4&#8243; _module_preset=&#8221;default&#8221; global_colors_info=&#8221;{}&#8221; theme_builder_area=&#8221;post_content&#8221;][et_pb_column type=&#8221;1_2&#8243; _builder_version=&#8221;4.19.4&#8243; _module_preset=&#8221;default&#8221; global_colors_info=&#8221;{}&#8221; theme_builder_area=&#8221;post_content&#8221;][et_pb_text _builder_version=&#8221;4.19.5&#8243; _module_preset=&#8221;default&#8221; hover_enabled=&#8221;0&#8243; global_colors_info=&#8221;{}&#8221; theme_builder_area=&#8221;post_content&#8221; sticky_enabled=&#8221;0&#8243;]<\/p>\n<h2><span style=\"color: #ffffff;\"><strong>Restaurace Amos<\/strong><\/span><\/h2>\n<p><span style=\"color: #ffffff;\">Masn\u00e1 17, Praha 1<\/span><\/p>\n<p><span style=\"color: #ffffff;\"><strong>Aperto tutti i giorni: 11.00 &#8211; 23.00<\/strong><\/span><\/p>\n<p><span style=\"color: #ffffff;\"><a href=\"tel:+420222323933\">+420 222 323 933<\/a><\/span><\/p>\n<p><span style=\"color: #ffffff;\"><a href=\"mailto:info@amosrestaurant.cz\">e-mail: info@amosrestaurant.cz<\/span><\/a><\/p>\n<p><span style=\"color: #ffffff;\">Operatore e responsabile responsabile:<\/span><br \/>\n<span style=\"color: #ffffff;\">Ji\u0159\u00ed Mikota<\/span><\/p>\n<p><span style=\"color: #ffffff;\">I\u010cO: 03336425<\/span>[\/et_pb_text][\/et_pb_column][et_pb_column type=&#8221;1_2&#8243; _builder_version=&#8221;4.19.4&#8243; _module_preset=&#8221;default&#8221; global_colors_info=&#8221;{}&#8221; theme_builder_area=&#8221;post_content&#8221;][et_pb_image src=&#8221;https:\/\/www.amosrestaurant.cz\/wp-content\/uploads\/2022\/12\/amos-restaurant-08.jpg&#8221; title_text=&#8221;amos-restaurant-08&#8243; _builder_version=&#8221;4.19.4&#8243; _module_preset=&#8221;default&#8221; global_colors_info=&#8221;{}&#8221; theme_builder_area=&#8221;post_content&#8221;][\/et_pb_image][\/et_pb_column][\/et_pb_row][\/et_pb_section]<\/p>\n","protected":false},"excerpt":{"rendered":"<p>Restaurace Amos Masn\u00e1 17, Praha 1 Aperto tutti i giorni: 11.00 &#8211; 23.00 +420 222 323 933 e-mail: info@amosrestaurant.cz Operatore e responsabile responsabile: Ji\u0159\u00ed Mikota I\u010cO: 03336425<\/p>\n","protected":false},"author":1,"featured_media":0,"parent":0,"menu_order":0,"comment_status":"closed","ping_status":"closed","template":"","meta":{"_et_pb_use_builder":"on","_et_pb_old_content":"","_et_gb_content_width":"","footnotes":""},"class_list":["post-276","page","type-page","status-publish","hentry"],"_links":{"self":[{"href":"https:\/\/www.amosrestaurant.cz\/it\/wp-json\/wp\/v2\/pages\/276","targetHints":{"allow":["GET"]}}],"collection":[{"href":"https:\/\/www.amosrestaurant.cz\/it\/wp-json\/wp\/v2\/pages"}],"about":[{"href":"https:\/\/www.amosrestaurant.cz\/it\/wp-json\/wp\/v2\/types\/page"}],"author":[{"embeddable":true,"href":"https:\/\/www.amosrestaurant.cz\/it\/wp-json\/wp\/v2\/users\/1"}],"replies":[{"embeddable":true,"href":"https:\/\/www.amosrestaurant.cz\/it\/wp-json\/wp\/v2\/comments?post=276"}],"version-history":[{"count":7,"href":"https:\/\/www.amosrestaurant.cz\/it\/wp-json\/wp\/v2\/pages\/276\/revisions"}],"predecessor-version":[{"id":433,"href":"https:\/\/www.amosrestaurant.cz\/it\/wp-json\/wp\/v2\/pages\/276\/revisions\/433"}],"wp:attachment":[{"href":"https:\/\/www.amosrestaurant.cz\/it\/wp-json\/wp\/v2\/media?parent=276"}],"curies":[{"name":"wp","href":"https:\/\/api.w.org\/{rel}","templated":true}]}}