{"id":296,"date":"2023-01-04T10:11:12","date_gmt":"2023-01-04T09:11:12","guid":{"rendered":"https:\/\/www.amosrestaurant.cz\/napojovy-listek\/"},"modified":"2025-06-12T13:43:23","modified_gmt":"2025-06-12T11:43:23","slug":"napojovy-listek","status":"publish","type":"page","link":"https:\/\/www.amosrestaurant.cz\/en\/napojovy-listek\/","title":{"rendered":"n\u00e1pojov\u00fd l\u00edstek"},"content":{"rendered":"<p>[et_pb_section fb_built=&#8221;1&#8243; _builder_version=&#8221;4.19.4&#8243; _module_preset=&#8221;default&#8221; background_color=&#8221;#000000&#8243; global_colors_info=&#8221;{}&#8221; theme_builder_area=&#8221;post_content&#8221;][et_pb_row _builder_version=&#8221;4.19.4&#8243; _module_preset=&#8221;default&#8221; global_colors_info=&#8221;{}&#8221; theme_builder_area=&#8221;post_content&#8221;][et_pb_column type=&#8221;4_4&#8243; _builder_version=&#8221;4.19.4&#8243; _module_preset=&#8221;default&#8221; global_colors_info=&#8221;{}&#8221; theme_builder_area=&#8221;post_content&#8221;][et_pb_text _builder_version=&#8221;4.27.4&#8243; _module_preset=&#8221;default&#8221; hover_enabled=&#8221;0&#8243; global_colors_info=&#8221;{}&#8221; theme_builder_area=&#8221;post_content&#8221; sticky_enabled=&#8221;0&#8243;]<\/p>\n<table border=\"0\" width=\"100%\" cellspacing=\"0\" cellpadding=\"3px\" style=\"width: 100%;\">\n<tbody>\n<tr>\n<td style=\"width: 77.9783%;\">Aperitifs<\/td>\n<td style=\"width: 12.9964%;\"><\/td>\n<td style=\"width: 8.7846%; height: 24px;\"><\/td>\n<\/tr>\n<tr>\n<td style=\"width: 77.9783%;\">Cinzano bianco<\/td>\n<td style=\"width: 12.9964%;\">0.1 l<\/td>\n<td style=\"width: 8.7846%; height: 24px;\">69,-<\/td>\n<\/tr>\n<tr>\n<td style=\"width: 77.9783%;\">Cinzano rosso<\/td>\n<td style=\"width: 12.9964%;\">0.1 l<\/td>\n<td style=\"width: 8.7846%; height: 24px;\">69,-<\/td>\n<\/tr>\n<tr>\n<td style=\"width: 77.9783%;\">Martini extra dry<\/td>\n<td style=\"width: 12.9964%;\">0.1 l<\/td>\n<td style=\"width: 8.7846%; height: 24px;\">69,-<\/td>\n<\/tr>\n<tr>\n<td style=\"width: 77.9783%;\">Campari<\/td>\n<td style=\"width: 12.9964%;\">0.1 l<\/td>\n<td style=\"width: 8.7846%; height: 24px;\">69,-<\/td>\n<\/tr>\n<tr>\n<td style=\"width: 77.9783%;\">LIQUERS &amp; SPIRITS<\/td>\n<td style=\"width: 12.9964%;\"><\/td>\n<td style=\"width: 8.7846%; height: 24px;\"><\/td>\n<\/tr>\n<tr>\n<td style=\"width: 77.9783%;\">HERBAL LIQUORS<\/td>\n<td style=\"width: 12.9964%;\"><\/td>\n<td style=\"width: 8.7846%; height: 24px;\"><\/td>\n<\/tr>\n<tr>\n<td style=\"width: 77.9783%;\">Fernet Stock Original<\/td>\n<td style=\"width: 12.9964%;\">0.04 l<\/td>\n<td style=\"width: 8.7846%; height: 24px;\">65,-<\/td>\n<\/tr>\n<tr>\n<td style=\"width: 77.9783%;\">Fernet Stock Citrus<\/td>\n<td style=\"width: 12.9964%;\">0.04 l<\/td>\n<td style=\"width: 8.7846%; height: 24px;\">65,-<\/td>\n<\/tr>\n<tr>\n<td style=\"width: 77.9783%;\">Becherovka<\/td>\n<td style=\"width: 12.9964%;\">0.04 l<\/td>\n<td style=\"width: 8.7846%; height: 24px;\">65,-<\/td>\n<\/tr>\n<tr>\n<td style=\"width: 77.9783%;\">Becherovka Lemond<\/td>\n<td style=\"width: 12.9964%;\">0.04 l<\/td>\n<td style=\"width: 8.7846%; height: 24px;\">65,-<\/td>\n<\/tr>\n<tr>\n<td style=\"width: 77.9783%;\">J\u00e4germeister<\/td>\n<td style=\"width: 12.9964%;\">0.04 l<\/td>\n<td style=\"width: 8.7846%; height: 24px;\">69,-<\/td>\n<\/tr>\n<tr>\n<td style=\"width: 77.9783%;\">LIQUORS<\/td>\n<td style=\"width: 12.9964%;\"><\/td>\n<td style=\"width: 8.7846%; height: 24px;\"><\/td>\n<\/tr>\n<tr>\n<td style=\"width: 77.9783%;\">Bo\u017ekov Peppermint<\/td>\n<td style=\"width: 12.9964%;\">0.04 l<\/td>\n<td style=\"width: 8.7846%; height: 24px;\">59,-<\/td>\n<\/tr>\n<tr>\n<td style=\"width: 77.9783%;\">Bo\u017ekov Griotte<\/td>\n<td style=\"width: 12.9964%;\">0.04 l<\/td>\n<td style=\"width: 8.7846%; height: 24px;\">59,-<\/td>\n<\/tr>\n<tr>\n<td style=\"width: 77.9783%;\">Berentzen apple<\/td>\n<td style=\"width: 12.9964%;\">0.04 l<\/td>\n<td style=\"width: 8.7846%; height: 24px;\">59,-<\/td>\n<\/tr>\n<tr>\n<td style=\"width: 77.9783%;\">Baileys<\/td>\n<td style=\"width: 12.9964%;\">0.04 l<\/td>\n<td style=\"width: 8.7846%; height: 24px;\">65,-<\/td>\n<\/tr>\n<tr>\n<td style=\"width: 77.9783%;\">VODKA<\/td>\n<td style=\"width: 12.9964%;\"><\/td>\n<td style=\"width: 8.7846%; height: 24px;\"><\/td>\n<\/tr>\n<tr>\n<td style=\"width: 77.9783%;\">Finlandia<\/td>\n<td style=\"width: 12.9964%;\">0.04 l<\/td>\n<td style=\"width: 8.7846%; height: 24px;\">65,-<\/td>\n<\/tr>\n<tr style=\"height: 24px;\">\n<td style=\"width: 77.9783%; height: 24px;\">Absolut<\/td>\n<td style=\"width: 12.9964%; height: 24px;\">0,04 l<\/td>\n<td style=\"width: 8.7846%; height: 24px;\">69,-<\/td>\n<\/tr>\n<tr>\n<td style=\"width: 77.9783%;\">RUM \/ DOMESTIC \/ SPICED<\/td>\n<td style=\"width: 12.9964%;\"><\/td>\n<td style=\"width: 8.7846%; height: 24px;\"><\/td>\n<\/tr>\n<tr>\n<td style=\"width: 77.9783%;\">Bo\u017ekov Original (domestic)<\/td>\n<td style=\"width: 12.9964%;\">0.04 l<\/td>\n<td style=\"width: 8.7846%; height: 24px;\">59,-<\/td>\n<\/tr>\n<tr>\n<td style=\"width: 77.9783%;\">Captain Morgan Spiced<\/td>\n<td style=\"width: 12.9964%;\">0.04 l<\/td>\n<td style=\"width: 8.7846%; height: 24px;\">69,-<\/td>\n<\/tr>\n<tr>\n<td style=\"width: 77.9783%;\">Bo\u017ekov Republica Exclusive<\/td>\n<td style=\"width: 12.9964%;\">0.04 l<\/td>\n<td style=\"width: 8.7846%; height: 24px;\">69,-<\/td>\n<\/tr>\n<tr>\n<td style=\"width: 77.9783%;\">Pampero Aniversario<\/td>\n<td style=\"width: 12.9964%;\">0.04 l<\/td>\n<td style=\"width: 8.7846%; height: 24px;\">109,-<\/td>\n<\/tr>\n<tr>\n<td style=\"width: 77.9783%;\">Ron Zacapa 23 Centenario<\/td>\n<td style=\"width: 12.9964%;\">0.04 l<\/td>\n<td style=\"width: 8.7846%; height: 24px;\">149,-<\/td>\n<\/tr>\n<tr>\n<td style=\"width: 77.9783%;\">Havana Club Anejo Especial<\/td>\n<td style=\"width: 12.9964%;\">0.04 l<\/td>\n<td style=\"width: 8.7846%; height: 24px;\">89,-<\/td>\n<\/tr>\n<tr>\n<td style=\"width: 77.9783%;\">Bacardi<\/td>\n<td style=\"width: 12.9964%;\">0.04 l<\/td>\n<td style=\"width: 8.7846%; height: 24px;\">69,-<\/td>\n<\/tr>\n<tr>\n<td style=\"width: 77.9783%;\">OTHER DISTILLATES<\/td>\n<td style=\"width: 12.9964%;\"><\/td>\n<td style=\"width: 8.7846%; height: 24px;\"><\/td>\n<\/tr>\n<tr>\n<td style=\"width: 77.9783%;\">Plum wine<\/td>\n<td style=\"width: 12.9964%;\">0.04 l<\/td>\n<td style=\"width: 8.7846%; height: 24px;\">65,-<\/td>\n<\/tr>\n<tr>\n<td style=\"width: 77.9783%;\">Hruskovice<\/td>\n<td style=\"width: 12.9964%;\">0.04 l<\/td>\n<td style=\"width: 8.7846%; height: 24px;\">65,-<\/td>\n<\/tr>\n<tr>\n<td style=\"width: 77.9783%;\">Spi\u0161ka pine<\/td>\n<td style=\"width: 12.9964%;\">0.04 l<\/td>\n<td style=\"width: 8.7846%; height: 24px;\">65<\/td>\n<\/tr>\n<tr>\n<td style=\"width: 77.9783%;\">Tequila Sombrero Negro<\/td>\n<td style=\"width: 12.9964%;\">0.04 l<\/td>\n<td style=\"width: 8.7846%; height: 24px;\">69,-<\/td>\n<\/tr>\n<tr>\n<td style=\"width: 77.9783%;\">Gordon&#8217;s London Dry Gin<\/td>\n<td style=\"width: 12.9964%;\">0.04 l<\/td>\n<td style=\"width: 8.7846%; height: 24px;\">69,-<\/td>\n<\/tr>\n<tr>\n<td style=\"width: 77.9783%;\">Grappa Ramazzoti<\/td>\n<td style=\"width: 12.9964%;\">0.04 l<\/td>\n<td style=\"width: 8.7846%; height: 24px;\">79,-<\/td>\n<\/tr>\n<tr>\n<td style=\"width: 77.9783%;\">Absinthe<\/td>\n<td style=\"width: 12.9964%;\">0.04 l<\/td>\n<td style=\"width: 8.7846%; height: 24px;\">99,-<\/td>\n<\/tr>\n<tr>\n<td style=\"width: 77.9783%;\">BRANDY &amp; COGNAC<\/td>\n<td style=\"width: 12.9964%;\"><\/td>\n<td style=\"width: 8.7846%; height: 24px;\"><\/td>\n<\/tr>\n<tr>\n<td style=\"width: 77.9783%;\">Old Hunting<\/td>\n<td style=\"width: 12.9964%;\">0.04 l<\/td>\n<td style=\"width: 8.7846%; height: 24px;\">65,-<\/td>\n<\/tr>\n<tr>\n<td style=\"width: 77.9783%;\">Metaxa *****<\/td>\n<td style=\"width: 12.9964%;\">0.04 l<\/td>\n<td style=\"width: 8.7846%; height: 24px;\">69,-<\/td>\n<\/tr>\n<tr>\n<td style=\"width: 77.9783%;\">Hennessy<\/td>\n<td style=\"width: 12.9964%;\">0.04 l<\/td>\n<td style=\"width: 8.7846%; height: 24px;\">119,-<\/td>\n<\/tr>\n<tr>\n<td style=\"width: 77.9783%;\">Martell<\/td>\n<td style=\"width: 12.9964%;\">0.04 l<\/td>\n<td style=\"width: 8.7846%; height: 24px;\">119,-<\/td>\n<\/tr>\n<tr>\n<td style=\"width: 77.9783%;\"><\/td>\n<td style=\"width: 12.9964%;\"><\/td>\n<td style=\"width: 8.7846%; height: 24px;\"><\/td>\n<\/tr>\n<tr>\n<td style=\"width: 77.9783%;\">WHISKEY AND WHISKEY<\/td>\n<td style=\"width: 12.9964%;\"><\/td>\n<td style=\"width: 8.7846%; height: 24px;\"><\/td>\n<\/tr>\n<tr>\n<td style=\"width: 77.9783%;\">Johnnie Walker Red Label<\/td>\n<td style=\"width: 12.9964%;\">0.04 l<\/td>\n<td style=\"width: 8.7846%; height: 24px;\">69,-<\/td>\n<\/tr>\n<tr>\n<td style=\"width: 77.9783%;\">Chivas Regal 12 y.o.<\/td>\n<td style=\"width: 12.9964%;\">0.04 l<\/td>\n<td style=\"width: 8.7846%; height: 24px;\">99,-<\/td>\n<\/tr>\n<tr>\n<td style=\"width: 77.9783%;\">Bushmills<\/td>\n<td style=\"width: 12.9964%;\">0.04 l<\/td>\n<td style=\"width: 8.7846%; height: 24px;\">75,-<\/td>\n<\/tr>\n<tr>\n<td style=\"width: 77.9783%;\">Jameson<\/td>\n<td style=\"width: 12.9964%;\">0.04 l<\/td>\n<td style=\"width: 8.7846%; height: 24px;\">75,-<\/td>\n<\/tr>\n<tr>\n<td style=\"width: 77.9783%;\">Tullamore Dew<\/td>\n<td style=\"width: 12.9964%;\">0.04 l<\/td>\n<td style=\"width: 8.7846%; height: 24px;\">75,-<\/td>\n<\/tr>\n<tr>\n<td style=\"width: 77.9783%;\">BOURBON, WHISKEY<\/td>\n<td style=\"width: 12.9964%;\"><\/td>\n<td style=\"width: 8.7846%; height: 24px;\"><\/td>\n<\/tr>\n<tr>\n<td style=\"width: 77.9783%;\">Jim Beam<\/td>\n<td style=\"width: 12.9964%;\">0.04 l<\/td>\n<td style=\"width: 8.7846%; height: 24px;\">69,-<\/td>\n<\/tr>\n<tr>\n<td style=\"width: 77.9783%;\">Jack Daniel&#8217;s<\/td>\n<td style=\"width: 12.9964%;\">0.04 l<\/td>\n<td style=\"width: 8.7846%; height: 24px;\">89,-<\/td>\n<\/tr>\n<tr>\n<td style=\"width: 77.9783%;\">BEER<\/td>\n<td style=\"width: 12.9964%;\"><\/td>\n<td style=\"width: 8.7846%; height: 24px;\"><\/td>\n<\/tr>\n<tr>\n<td style=\"width: 77.9783%;\">DRAG BEER<\/td>\n<td style=\"width: 12.9964%;\"><\/td>\n<td style=\"width: 8.7846%; height: 24px;\"><\/td>\n<\/tr>\n<tr>\n<td style=\"width: 77.9783%;\">Pilsner Urquell<\/td>\n<td style=\"width: 12.9964%;\">0.5 l<\/td>\n<td style=\"width: 8.7846%; height: 24px;\">67,-<\/td>\n<\/tr>\n<tr>\n<td style=\"width: 77.9783%;\">Pilsner Urquell<\/td>\n<td style=\"width: 12.9964%;\">0.3 l<\/td>\n<td style=\"width: 8.7846%; height: 24px;\">41,-<\/td>\n<\/tr>\n<tr>\n<td style=\"width: 77.9783%;\">Black goat<\/td>\n<td style=\"width: 12.9964%;\">0.5 l<\/td>\n<td style=\"width: 8.7846%; height: 24px;\">59,-<\/td>\n<\/tr>\n<tr>\n<td style=\"width: 77.9783%;\">Black goat<\/td>\n<td style=\"width: 12.9964%;\">0.3 l<\/td>\n<td style=\"width: 8.7846%; height: 24px;\">36,-<\/td>\n<\/tr>\n<tr>\n<td style=\"width: 77.9783%;\">BOTTLE BEER<\/td>\n<td style=\"width: 12.9964%;\"><\/td>\n<td style=\"width: 8.7846%; height: 24px;\"><\/td>\n<\/tr>\n<tr>\n<td style=\"width: 77.9783%;\">Birell soft drink<\/td>\n<td style=\"width: 12.9964%;\">0.5 l<\/td>\n<td style=\"width: 8.7846%; height: 24px;\">49,-<\/td>\n<\/tr>\n<tr>\n<td style=\"width: 77.9783%;\">Birell Pomelo\/Grapefruit<\/td>\n<td style=\"width: 12.9964%;\">0.33 l<\/td>\n<td style=\"width: 8.7846%; height: 24px;\">49,-<\/td>\n<\/tr>\n<tr>\n<td style=\"width: 77.9783%;\">Corona<\/td>\n<td style=\"width: 12.9964%;\">0.33 l<\/td>\n<td style=\"width: 8.7846%; height: 24px;\">79,-<\/td>\n<\/tr>\n<tr>\n<td style=\"width: 77.9783%;\">Frisco<\/td>\n<td style=\"width: 12.9964%;\">0.33 l<\/td>\n<td style=\"width: 8.7846%; height: 24px;\">55,-<\/td>\n<\/tr>\n<tr>\n<td style=\"width: 77.9783%;\">Kingswood Apple Cider<\/td>\n<td style=\"width: 12.9964%;\">0.4 l<\/td>\n<td style=\"width: 8.7846%; height: 24px;\">59,-<\/td>\n<\/tr>\n<tr>\n<td style=\"width: 77.9783%;\">Viper Hard Seltzer<\/td>\n<td style=\"width: 12.9964%;\">0.33 l<\/td>\n<td style=\"width: 8.7846%; height: 24px;\"><\/td>\n<\/tr>\n<tr>\n<td style=\"width: 77.9783%;\">WHITE WINE<\/td>\n<td style=\"width: 12.9964%;\"><\/td>\n<td style=\"width: 8.7846%; height: 24px;\"><\/td>\n<\/tr>\n<tr>\n<td style=\"width: 77.9783%;\">Chardonnay dry, Italy, Friuli<\/td>\n<td style=\"width: 12.9964%;\">0.2 l<\/td>\n<td style=\"width: 8.7846%; height: 24px;\">66,-<\/td>\n<\/tr>\n<tr>\n<td style=\"width: 77.9783%;\"><\/td>\n<td style=\"width: 12.9964%;\"><\/td>\n<td style=\"width: 8.7846%; height: 24px;\"><\/td>\n<\/tr>\n<tr>\n<td style=\"width: 77.9783%;\">RED WINE<\/td>\n<td style=\"width: 12.9964%;\"><\/td>\n<td style=\"width: 8.7846%; height: 24px;\"><\/td>\n<\/tr>\n<tr>\n<td style=\"width: 77.9783%;\">Merlot dry, Italy, Friuli<\/td>\n<td style=\"width: 12.9964%;\">0.2 l<\/td>\n<td style=\"width: 8.7846%; height: 24px;\">66,-<\/td>\n<\/tr>\n<tr>\n<td style=\"width: 77.9783%;\">Rosato dry, Italy, Friuli<\/td>\n<td style=\"width: 12.9964%;\">0.2 l<\/td>\n<td style=\"width: 8.7846%; height: 24px;\">66,-<\/td>\n<\/tr>\n<tr>\n<td style=\"width: 77.9783%;\"><\/td>\n<td style=\"width: 12.9964%;\"><\/td>\n<td style=\"width: 8.7846%; height: 24px;\"><\/td>\n<\/tr>\n<tr>\n<td style=\"width: 77.9783%;\">A wider range of wines according to the wine list.<\/td>\n<td style=\"width: 12.9964%;\"><\/td>\n<td style=\"width: 8.7846%; height: 24px;\"><\/td>\n<\/tr>\n<tr>\n<td style=\"width: 77.9783%;\">Wider range of wines according to wine list.<\/td>\n<td style=\"width: 12.9964%;\"><\/td>\n<td style=\"width: 8.7846%; height: 24px;\"><\/td>\n<\/tr>\n<tr>\n<td style=\"width: 77.9783%;\">SPARKING WINE<\/td>\n<td style=\"width: 12.9964%;\"><\/td>\n<td style=\"width: 8.7846%; height: 24px;\"><\/td>\n<\/tr>\n<tr>\n<td style=\"width: 77.9783%;\">Bohemia Brut, Demi sec<\/td>\n<td style=\"width: 12.9964%;\">0.75 l<\/td>\n<td style=\"width: 8.7846%; height: 24px;\">329,-<\/td>\n<\/tr>\n<tr style=\"height: 24px;\">\n<td style=\"width: 77.9783%; height: 24px;\">Prosecco<\/td>\n<td style=\"width: 12.9964%; height: 24px;\">0,7 l<\/td>\n<td style=\"width: 8.7846%; height: 24px;\">322,-<\/td>\n<\/tr>\n<tr style=\"height: 24px;\">\n<td style=\"width: 77.9783%; height: 24px;\">Prosecco<\/td>\n<td style=\"width: 12.9964%; height: 24px;\">0,2 l<\/td>\n<td style=\"width: 8.7846%; height: 24px;\">92,-<\/td>\n<\/tr>\n<tr>\n<td style=\"width: 77.9783%;\">NON-ALCOHOLIC BEVERAGES<\/td>\n<td style=\"width: 12.9964%;\"><\/td>\n<td style=\"width: 8.7846%; height: 24px;\"><\/td>\n<\/tr>\n<tr>\n<td style=\"width: 77.9783%;\">Coca-Cola, Coca-Cola Zero<\/td>\n<td style=\"width: 12.9964%;\">0.33 l<\/td>\n<td style=\"width: 8.7846%; height: 24px;\">64,-<\/td>\n<\/tr>\n<tr>\n<td style=\"width: 77.9783%;\">Fanta, Sprite<\/td>\n<td style=\"width: 12.9964%;\">0.33 l<\/td>\n<td style=\"width: 8.7846%; height: 24px;\">64,-<\/td>\n<\/tr>\n<tr>\n<td style=\"width: 77.9783%;\">Kinley tonic water, Ginger ale<\/td>\n<td style=\"width: 12.9964%;\">0.25 l<\/td>\n<td style=\"width: 8.7846%; height: 24px;\">64,-<\/td>\n<\/tr>\n<tr>\n<td style=\"width: 77.9783%;\">Nestea Green tea<\/td>\n<td style=\"width: 12.9964%;\">0.2 l<\/td>\n<td style=\"width: 8.7846%; height: 24px;\">64,-<\/td>\n<\/tr>\n<tr>\n<td style=\"width: 77.9783%;\">Cappy apple (apple)<\/td>\n<td style=\"width: 12.9964%;\">0.25 l<\/td>\n<td style=\"width: 8.7846%; height: 24px;\">64,-<\/td>\n<\/tr>\n<tr>\n<td style=\"width: 77.9783%;\">Cappy multivitamin<\/td>\n<td style=\"width: 12.9964%;\">0.25 l<\/td>\n<td style=\"width: 8.7846%; height: 24px;\">64,-<\/td>\n<\/tr>\n<tr>\n<td style=\"width: 77.9783%;\">Cappy currant (black currant)<\/td>\n<td style=\"width: 12.9964%;\">0.25 l<\/td>\n<td style=\"width: 8.7846%; height: 24px;\">64,-<\/td>\n<\/tr>\n<tr>\n<td style=\"width: 77.9783%;\">Cappy strawberry<\/td>\n<td style=\"width: 12.9964%;\">0.25 l<\/td>\n<td style=\"width: 8.7846%; height: 24px;\">64,-<\/td>\n<\/tr>\n<tr>\n<td style=\"width: 77.9783%;\">Cappy juice orange<\/td>\n<td style=\"width: 12.9964%;\">0.25 l<\/td>\n<td style=\"width: 8.7846%; height: 24px;\">64,-<\/td>\n<\/tr>\n<tr>\n<td style=\"width: 77.9783%;\">Bonaqua according to offer<\/td>\n<td style=\"width: 12.9964%;\">0.25 l<\/td>\n<td style=\"width: 8.7846%; height: 24px;\">45,-<\/td>\n<\/tr>\n<tr>\n<td style=\"width: 77.9783%;\">Mattoni<\/td>\n<td style=\"width: 12.9964%;\">0.33 l<\/td>\n<td style=\"width: 8.7846%; height: 24px;\">45,-<\/td>\n<\/tr>\n<tr>\n<td style=\"width: 77.9783%;\">R\u00f6merquelle<\/td>\n<td style=\"width: 12.9964%;\">0.75 l<\/td>\n<td style=\"width: 8.7846%; height: 24px;\">79,-<\/td>\n<\/tr>\n<tr>\n<td style=\"width: 77.9783%;\">Homemade lemonade<\/td>\n<td style=\"width: 12.9964%;\">0.4 l<\/td>\n<td style=\"width: 8.7846%; height: 24px;\">64,-<\/td>\n<\/tr>\n<tr>\n<td style=\"width: 77.9783%;\">(Homemade lemonade)<\/td>\n<td style=\"width: 12.9964%;\"><\/td>\n<td style=\"width: 8.7846%; height: 24px;\"><\/td>\n<\/tr>\n<tr>\n<td style=\"width: 77.9783%;\">Red Bull (tin)<\/td>\n<td style=\"width: 12.9964%;\">0.25 l<\/td>\n<td style=\"width: 8.7846%; height: 24px;\">69,-<\/td>\n<\/tr>\n<tr>\n<td style=\"width: 77.9783%;\">Monster<\/td>\n<td style=\"width: 12.9964%;\">0.5 l<\/td>\n<td style=\"width: 8.7846%; height: 24px;\">74,-<\/td>\n<\/tr>\n<tr>\n<td style=\"width: 77.9783%;\">HOT DRINKS<\/td>\n<td style=\"width: 12.9964%;\"><\/td>\n<td style=\"width: 8.7846%; height: 24px;\"><\/td>\n<\/tr>\n<tr>\n<td style=\"width: 77.9783%;\">Espresso<\/td>\n<td style=\"width: 12.9964%;\">7g<\/td>\n<td style=\"width: 8.7846%; height: 24px;\">65,-<\/td>\n<\/tr>\n<tr>\n<td style=\"width: 77.9783%;\">Cappuccino<\/td>\n<td style=\"width: 12.9964%;\">7g<\/td>\n<td style=\"width: 8.7846%; height: 24px;\">65,-<\/td>\n<\/tr>\n<tr>\n<td style=\"width: 77.9783%;\">Turkish coffee<\/td>\n<td style=\"width: 12.9964%;\">7g<\/td>\n<td style=\"width: 8.7846%; height: 24px;\">53,-<\/td>\n<\/tr>\n<tr>\n<td style=\"width: 77.9783%;\">Decaffeinated coffee<\/td>\n<td style=\"width: 12.9964%;\">7g<\/td>\n<td style=\"width: 8.7846%; height: 24px;\">49,-<\/td>\n<\/tr>\n<tr>\n<td style=\"width: 77.9783%;\">Irish coffee<\/td>\n<td style=\"width: 12.9964%;\">7g<\/td>\n<td style=\"width: 8.7846%; height: 24px;\">105,-<\/td>\n<\/tr>\n<tr>\n<td style=\"width: 77.9783%;\">Hot chocolate<\/td>\n<td style=\"width: 12.9964%;\">0.2 l<\/td>\n<td style=\"width: 8.7846%; height: 24px;\">79,-<\/td>\n<\/tr>\n<tr>\n<td style=\"width: 77.9783%;\">Grog (4cl domestic)<\/td>\n<td style=\"width: 12.9964%;\">0.2 l<\/td>\n<td style=\"width: 8.7846%; height: 24px;\">69,-<\/td>\n<\/tr>\n<tr>\n<td style=\"width: 77.9783%;\">Hot griotka (4cl griotte)<\/td>\n<td style=\"width: 12.9964%;\">0.2 l<\/td>\n<td style=\"width: 8.7846%; height: 24px;\">69,-<\/td>\n<\/tr>\n<tr>\n<td style=\"width: 77.9783%;\">Mulled red, white wine<\/td>\n<td style=\"width: 12.9964%;\">0.2 l<\/td>\n<td style=\"width: 8.7846%; height: 24px;\">79,-<\/td>\n<\/tr>\n<tr>\n<td style=\"width: 77.9783%;\">Earl gray tea<\/td>\n<td style=\"width: 12.9964%;\">42,-<\/td>\n<td style=\"width: 8.7846%; height: 24px;\">75,-<\/td>\n<\/tr>\n<tr>\n<td style=\"width: 77.9783%;\">Honey<\/td>\n<td style=\"width: 12.9964%;\">9,-<\/td>\n<td style=\"width: 8.7846%; height: 24px;\">10,-<\/td>\n<\/tr>\n<tr>\n<td style=\"width: 77.9783%;\">MIXED DRINKS<\/td>\n<td style=\"width: 12.9964%;\"><\/td>\n<td style=\"width: 8.7846%; height: 24px;\"><\/td>\n<\/tr>\n<tr>\n<td style=\"width: 77.9783%;\">Aperol Spritz<\/td>\n<td style=\"width: 12.9964%;\">109,-<\/td>\n<td style=\"width: 8.7846%; height: 24px;\">109,-<\/td>\n<\/tr>\n<tr>\n<td style=\"width: 77.9783%;\">Cuba Libre<\/td>\n<td style=\"width: 12.9964%;\">129,-<\/td>\n<td style=\"width: 8.7846%; height: 24px;\">149,-<\/td>\n<\/tr>\n<\/tbody>\n<\/table>\n<p>[\/et_pb_text][\/et_pb_column][\/et_pb_row][\/et_pb_section]<\/p>\n","protected":false},"excerpt":{"rendered":"<p>Aperitifs Cinzano bianco 0.1 l 69,- Cinzano rosso 0.1 l 69,- Martini extra dry 0.1 l 69,- Campari 0.1 l 69,- LIQUERS &amp; SPIRITS HERBAL LIQUORS Fernet Stock Original 0.04 l 65,- Fernet Stock Citrus 0.04 l 65,- Becherovka 0.04 l 65,- Becherovka Lemond 0.04 l 65,- J\u00e4germeister 0.04 l 69,- LIQUORS Bo\u017ekov Peppermint 0.04 [&hellip;]<\/p>\n","protected":false},"author":1,"featured_media":0,"parent":0,"menu_order":0,"comment_status":"closed","ping_status":"closed","template":"","meta":{"_et_pb_use_builder":"on","_et_pb_old_content":"","_et_gb_content_width":"","footnotes":""},"class_list":["post-296","page","type-page","status-publish","hentry"],"_links":{"self":[{"href":"https:\/\/www.amosrestaurant.cz\/en\/wp-json\/wp\/v2\/pages\/296","targetHints":{"allow":["GET"]}}],"collection":[{"href":"https:\/\/www.amosrestaurant.cz\/en\/wp-json\/wp\/v2\/pages"}],"about":[{"href":"https:\/\/www.amosrestaurant.cz\/en\/wp-json\/wp\/v2\/types\/page"}],"author":[{"embeddable":true,"href":"https:\/\/www.amosrestaurant.cz\/en\/wp-json\/wp\/v2\/users\/1"}],"replies":[{"embeddable":true,"href":"https:\/\/www.amosrestaurant.cz\/en\/wp-json\/wp\/v2\/comments?post=296"}],"version-history":[{"count":8,"href":"https:\/\/www.amosrestaurant.cz\/en\/wp-json\/wp\/v2\/pages\/296\/revisions"}],"predecessor-version":[{"id":521,"href":"https:\/\/www.amosrestaurant.cz\/en\/wp-json\/wp\/v2\/pages\/296\/revisions\/521"}],"wp:attachment":[{"href":"https:\/\/www.amosrestaurant.cz\/en\/wp-json\/wp\/v2\/media?parent=296"}],"curies":[{"name":"wp","href":"https:\/\/api.w.org\/{rel}","templated":true}]}}