{"id":298,"date":"2023-01-04T10:11:12","date_gmt":"2023-01-04T09:11:12","guid":{"rendered":"https:\/\/www.amosrestaurant.cz\/napojovy-listek\/"},"modified":"2025-06-12T13:46:41","modified_gmt":"2025-06-12T11:46:41","slug":"napojovy-listek","status":"publish","type":"page","link":"https:\/\/www.amosrestaurant.cz\/de\/napojovy-listek\/","title":{"rendered":"n\u00e1pojov\u00fd l\u00edstek"},"content":{"rendered":"<p>[et_pb_section fb_built=&#8220;1&#8243; _builder_version=&#8220;4.19.4&#8243; _module_preset=&#8220;default&#8220; background_color=&#8220;#000000&#8243; global_colors_info=&#8220;{}&#8220; theme_builder_area=&#8220;post_content&#8220;][et_pb_row _builder_version=&#8220;4.19.4&#8243; _module_preset=&#8220;default&#8220; global_colors_info=&#8220;{}&#8220; theme_builder_area=&#8220;post_content&#8220;][et_pb_column type=&#8220;4_4&#8243; _builder_version=&#8220;4.19.4&#8243; _module_preset=&#8220;default&#8220; global_colors_info=&#8220;{}&#8220; theme_builder_area=&#8220;post_content&#8220;][et_pb_text _builder_version=&#8220;4.27.4&#8243; _module_preset=&#8220;default&#8220; hover_enabled=&#8220;0&#8243; global_colors_info=&#8220;{}&#8220; theme_builder_area=&#8220;post_content&#8220; sticky_enabled=&#8220;0&#8243;]<\/p>\n<table border=\"0\" width=\"100%\" cellspacing=\"0\" cellpadding=\"3px\" style=\"width: 100%; height: 2688px;\">\n<tbody>\n<tr style=\"height: 24px;\">\n<td style=\"width: 77.9783%; height: 24px;\">Aperitifs<\/td>\n<td style=\"width: 12.9964%; height: 24px;\"><\/td>\n<td style=\"width: 8.7846%; height: 24px;\"><\/td>\n<\/tr>\n<tr style=\"height: 24px;\">\n<td style=\"width: 77.9783%; height: 24px;\">Cinzano bianco<\/td>\n<td style=\"width: 12.9964%; height: 24px;\">0,1 Liter<\/td>\n<td style=\"width: 8.7846%; height: 24px;\">69,-<\/td>\n<\/tr>\n<tr style=\"height: 24px;\">\n<td style=\"width: 77.9783%; height: 24px;\">Cinzano rosso<\/td>\n<td style=\"width: 12.9964%; height: 24px;\">0,1 Liter<\/td>\n<td style=\"width: 8.7846%; height: 24px;\">69,-<\/td>\n<\/tr>\n<tr style=\"height: 24px;\">\n<td style=\"width: 77.9783%; height: 24px;\">Martini extratrocken<\/td>\n<td style=\"width: 12.9964%; height: 24px;\">0,1 Liter<\/td>\n<td style=\"width: 8.7846%; height: 24px;\">69,-<\/td>\n<\/tr>\n<tr style=\"height: 24px;\">\n<td style=\"width: 77.9783%; height: 24px;\">Campari<\/td>\n<td style=\"width: 12.9964%; height: 24px;\">0,1 Liter<\/td>\n<td style=\"width: 8.7846%; height: 24px;\">69,-<\/td>\n<\/tr>\n<tr style=\"height: 24px;\">\n<td style=\"width: 77.9783%; height: 24px;\">LIK\u00d6RE &amp; SPIRITUOSEN<\/td>\n<td style=\"width: 12.9964%; height: 24px;\"><\/td>\n<td style=\"width: 8.7846%; height: 24px;\"><\/td>\n<\/tr>\n<tr style=\"height: 24px;\">\n<td style=\"width: 77.9783%; height: 24px;\">KR\u00c4UTERLIK\u00d6RE<\/td>\n<td style=\"width: 12.9964%; height: 24px;\"><\/td>\n<td style=\"width: 8.7846%; height: 24px;\"><\/td>\n<\/tr>\n<tr style=\"height: 24px;\">\n<td style=\"width: 77.9783%; height: 24px;\">Fernet Stock Original<\/td>\n<td style=\"width: 12.9964%; height: 24px;\">0,04 l<\/td>\n<td style=\"width: 8.7846%; height: 24px;\">65,-<\/td>\n<\/tr>\n<tr style=\"height: 24px;\">\n<td style=\"width: 77.9783%; height: 24px;\">Fernet Stock Citrus<\/td>\n<td style=\"width: 12.9964%; height: 24px;\">0,04 l<\/td>\n<td style=\"width: 8.7846%; height: 24px;\">65,-<\/td>\n<\/tr>\n<tr style=\"height: 24px;\">\n<td style=\"width: 77.9783%; height: 24px;\">Becherovka<\/td>\n<td style=\"width: 12.9964%; height: 24px;\">0,04 l<\/td>\n<td style=\"width: 8.7846%; height: 24px;\">65,-<\/td>\n<\/tr>\n<tr style=\"height: 24px;\">\n<td style=\"width: 77.9783%; height: 24px;\">Becherovka Zitrone<\/td>\n<td style=\"width: 12.9964%; height: 24px;\">0,04 l<\/td>\n<td style=\"width: 8.7846%; height: 24px;\">65,-<\/td>\n<\/tr>\n<tr style=\"height: 24px;\">\n<td style=\"width: 77.9783%; height: 24px;\">J\u00e4germeister<\/td>\n<td style=\"width: 12.9964%; height: 24px;\">0,04 l<\/td>\n<td style=\"width: 8.7846%; height: 24px;\">69,-<\/td>\n<\/tr>\n<tr style=\"height: 24px;\">\n<td style=\"width: 77.9783%; height: 24px;\">LIK\u00d6RE<\/td>\n<td style=\"width: 12.9964%; height: 24px;\"><\/td>\n<td style=\"width: 8.7846%; height: 24px;\"><\/td>\n<\/tr>\n<tr style=\"height: 24px;\">\n<td style=\"width: 77.9783%; height: 24px;\">Bo\u017ekov-Pfefferminze<\/td>\n<td style=\"width: 12.9964%; height: 24px;\">0,04 l<\/td>\n<td style=\"width: 8.7846%; height: 24px;\">59,-<\/td>\n<\/tr>\n<tr style=\"height: 24px;\">\n<td style=\"width: 77.9783%; height: 24px;\">Bo\u017ekov Griotte<\/td>\n<td style=\"width: 12.9964%; height: 24px;\">0,04 l<\/td>\n<td style=\"width: 8.7846%; height: 24px;\">59,-<\/td>\n<\/tr>\n<tr style=\"height: 24px;\">\n<td style=\"width: 77.9783%; height: 24px;\">Berentzen-Apfel<\/td>\n<td style=\"width: 12.9964%; height: 24px;\">0,04 l<\/td>\n<td style=\"width: 8.7846%; height: 24px;\">59,-<\/td>\n<\/tr>\n<tr style=\"height: 24px;\">\n<td style=\"width: 77.9783%; height: 24px;\">Baileys<\/td>\n<td style=\"width: 12.9964%; height: 24px;\">0,04 l<\/td>\n<td style=\"width: 8.7846%; height: 24px;\">65,-<\/td>\n<\/tr>\n<tr style=\"height: 24px;\">\n<td style=\"width: 77.9783%; height: 24px;\">WODKA<\/td>\n<td style=\"width: 12.9964%; height: 24px;\"><\/td>\n<td style=\"width: 8.7846%; height: 24px;\"><\/td>\n<\/tr>\n<tr style=\"height: 24px;\">\n<td style=\"width: 77.9783%; height: 24px;\">Finlandia<\/td>\n<td style=\"width: 12.9964%; height: 24px;\">0,04 l<\/td>\n<td style=\"width: 8.7846%; height: 24px;\">65,-<\/td>\n<\/tr>\n<tr style=\"height: 24px;\">\n<td style=\"width: 77.9783%; height: 24px;\">Absolut<\/td>\n<td style=\"width: 12.9964%; height: 24px;\">0,04 l<\/td>\n<td style=\"width: 8.7846%; height: 24px;\">69,-<\/td>\n<\/tr>\n<tr style=\"height: 24px;\">\n<td style=\"width: 77.9783%; height: 24px;\">RUM \/ HAUSTISCH \/ GEW\u00dcRZT<\/td>\n<td style=\"width: 12.9964%; height: 24px;\"><\/td>\n<td style=\"width: 8.7846%; height: 24px;\"><\/td>\n<\/tr>\n<tr style=\"height: 24px;\">\n<td style=\"width: 77.9783%; height: 24px;\">Bo\u017ekov Original (Inland)<\/td>\n<td style=\"width: 12.9964%; height: 24px;\">0,04 l<\/td>\n<td style=\"width: 8.7846%; height: 24px;\">59,-<\/td>\n<\/tr>\n<tr style=\"height: 24px;\">\n<td style=\"width: 77.9783%; height: 24px;\">Captain Morgan gew\u00fcrzt<\/td>\n<td style=\"width: 12.9964%; height: 24px;\">0,04 l<\/td>\n<td style=\"width: 8.7846%; height: 24px;\">69,-<\/td>\n<\/tr>\n<tr style=\"height: 24px;\">\n<td style=\"width: 77.9783%; height: 24px;\">Bo\u017ekov Republica Exklusiv<\/td>\n<td style=\"width: 12.9964%; height: 24px;\">0,04 l<\/td>\n<td style=\"width: 8.7846%; height: 24px;\">69,-<\/td>\n<\/tr>\n<tr style=\"height: 24px;\">\n<td style=\"width: 77.9783%; height: 24px;\">Pampero Aniversario<\/td>\n<td style=\"width: 12.9964%; height: 24px;\">0,04 l<\/td>\n<td style=\"width: 8.7846%; height: 24px;\">109,-<\/td>\n<\/tr>\n<tr style=\"height: 24px;\">\n<td style=\"width: 77.9783%; height: 24px;\">Ron Zacapa 23 Centenario<\/td>\n<td style=\"width: 12.9964%; height: 24px;\">0,04 l<\/td>\n<td style=\"width: 8.7846%; height: 24px;\">149,-<\/td>\n<\/tr>\n<tr style=\"height: 24px;\">\n<td style=\"width: 77.9783%; height: 24px;\">Havana Club Anejo Especial<\/td>\n<td style=\"width: 12.9964%; height: 24px;\">0,04 l<\/td>\n<td style=\"width: 8.7846%; height: 24px;\">89,-<\/td>\n<\/tr>\n<tr style=\"height: 24px;\">\n<td style=\"width: 77.9783%; height: 24px;\">Bacardi<\/td>\n<td style=\"width: 12.9964%; height: 24px;\">0,04 l<\/td>\n<td style=\"width: 8.7846%; height: 24px;\">69,-<\/td>\n<\/tr>\n<tr style=\"height: 24px;\">\n<td style=\"width: 77.9783%; height: 24px;\">ANDERE DESTILLATE<\/td>\n<td style=\"width: 12.9964%; height: 24px;\"><\/td>\n<td style=\"width: 8.7846%; height: 24px;\"><\/td>\n<\/tr>\n<tr style=\"height: 24px;\">\n<td style=\"width: 77.9783%; height: 24px;\">Pflaumenwein<\/td>\n<td style=\"width: 12.9964%; height: 24px;\">0,04 l<\/td>\n<td style=\"width: 8.7846%; height: 24px;\">65,-<\/td>\n<\/tr>\n<tr style=\"height: 24px;\">\n<td style=\"width: 77.9783%; height: 24px;\">Hruskovice<\/td>\n<td style=\"width: 12.9964%; height: 24px;\">0,04 l<\/td>\n<td style=\"width: 8.7846%; height: 24px;\">65,-<\/td>\n<\/tr>\n<tr style=\"height: 24px;\">\n<td style=\"width: 77.9783%; height: 24px;\">Spi\u0161ka-Kiefer<\/td>\n<td style=\"width: 12.9964%; height: 24px;\">0,04 l<\/td>\n<td style=\"width: 8.7846%; height: 24px;\">65<\/td>\n<\/tr>\n<tr style=\"height: 24px;\">\n<td style=\"width: 77.9783%; height: 24px;\">Tequila Sombrero Negro<\/td>\n<td style=\"width: 12.9964%; height: 24px;\">0,04 l<\/td>\n<td style=\"width: 8.7846%; height: 24px;\">69,-<\/td>\n<\/tr>\n<tr style=\"height: 24px;\">\n<td style=\"width: 77.9783%; height: 24px;\">Gordons London Dry Gin<\/td>\n<td style=\"width: 12.9964%; height: 24px;\">0,04 l<\/td>\n<td style=\"width: 8.7846%; height: 24px;\">69,-<\/td>\n<\/tr>\n<tr style=\"height: 24px;\">\n<td style=\"width: 77.9783%; height: 24px;\">Grappa Ramazzoti<\/td>\n<td style=\"width: 12.9964%; height: 24px;\">0,04 l<\/td>\n<td style=\"width: 8.7846%; height: 24px;\">79,-<\/td>\n<\/tr>\n<tr style=\"height: 24px;\">\n<td style=\"width: 77.9783%; height: 24px;\">Absinth<\/td>\n<td style=\"width: 12.9964%; height: 24px;\">0,04 l<\/td>\n<td style=\"width: 8.7846%; height: 24px;\">99,-<\/td>\n<\/tr>\n<tr style=\"height: 24px;\">\n<td style=\"width: 77.9783%; height: 24px;\">BRANDY &amp; COGNAC<\/td>\n<td style=\"width: 12.9964%; height: 24px;\"><\/td>\n<td style=\"width: 8.7846%; height: 24px;\"><\/td>\n<\/tr>\n<tr style=\"height: 24px;\">\n<td style=\"width: 77.9783%; height: 24px;\">Alte Jagd<\/td>\n<td style=\"width: 12.9964%; height: 24px;\">0,04 l<\/td>\n<td style=\"width: 8.7846%; height: 24px;\">65,-<\/td>\n<\/tr>\n<tr style=\"height: 24px;\">\n<td style=\"width: 77.9783%; height: 24px;\">Metaxa *****<\/td>\n<td style=\"width: 12.9964%; height: 24px;\">0,04 l<\/td>\n<td style=\"width: 8.7846%; height: 24px;\">69,-<\/td>\n<\/tr>\n<tr style=\"height: 24px;\">\n<td style=\"width: 77.9783%; height: 24px;\">Hennessy<\/td>\n<td style=\"width: 12.9964%; height: 24px;\">0,04 l<\/td>\n<td style=\"width: 8.7846%; height: 24px;\">119,-<\/td>\n<\/tr>\n<tr style=\"height: 24px;\">\n<td style=\"width: 77.9783%; height: 24px;\">Martell<\/td>\n<td style=\"width: 12.9964%; height: 24px;\">0,04 l<\/td>\n<td style=\"width: 8.7846%; height: 24px;\">119,-<\/td>\n<\/tr>\n<tr style=\"height: 24px;\">\n<td style=\"width: 77.9783%; height: 24px;\"><\/td>\n<td style=\"width: 12.9964%; height: 24px;\"><\/td>\n<td style=\"width: 8.7846%; height: 24px;\"><\/td>\n<\/tr>\n<tr style=\"height: 24px;\">\n<td style=\"width: 77.9783%; height: 24px;\">WHISKY UND WHISKY<\/td>\n<td style=\"width: 12.9964%; height: 24px;\"><\/td>\n<td style=\"width: 8.7846%; height: 24px;\"><\/td>\n<\/tr>\n<tr style=\"height: 24px;\">\n<td style=\"width: 77.9783%; height: 24px;\">Rotes Etikett von Johnnie Walker<\/td>\n<td style=\"width: 12.9964%; height: 24px;\">0,04 l<\/td>\n<td style=\"width: 8.7846%; height: 24px;\">69,-<\/td>\n<\/tr>\n<tr style=\"height: 24px;\">\n<td style=\"width: 77.9783%; height: 24px;\">Chivas Regal 12 Jahre<\/td>\n<td style=\"width: 12.9964%; height: 24px;\">0,04 l<\/td>\n<td style=\"width: 8.7846%; height: 24px;\">99,-<\/td>\n<\/tr>\n<tr style=\"height: 24px;\">\n<td style=\"width: 77.9783%; height: 24px;\">Buschm\u00fchlen<\/td>\n<td style=\"width: 12.9964%; height: 24px;\">0,04 l<\/td>\n<td style=\"width: 8.7846%; height: 24px;\">75,-<\/td>\n<\/tr>\n<tr style=\"height: 24px;\">\n<td style=\"width: 77.9783%; height: 24px;\">Jason<\/td>\n<td style=\"width: 12.9964%; height: 24px;\">0,04 l<\/td>\n<td style=\"width: 8.7846%; height: 24px;\">75,-<\/td>\n<\/tr>\n<tr style=\"height: 24px;\">\n<td style=\"width: 77.9783%; height: 24px;\">Tullamore Tau<\/td>\n<td style=\"width: 12.9964%; height: 24px;\">0,04 l<\/td>\n<td style=\"width: 8.7846%; height: 24px;\">75,-<\/td>\n<\/tr>\n<tr style=\"height: 24px;\">\n<td style=\"width: 77.9783%; height: 24px;\">BOURBON, WHISKEY<\/td>\n<td style=\"width: 12.9964%; height: 24px;\"><\/td>\n<td style=\"width: 8.7846%; height: 24px;\"><\/td>\n<\/tr>\n<tr style=\"height: 24px;\">\n<td style=\"width: 77.9783%; height: 24px;\">Jim Beam<\/td>\n<td style=\"width: 12.9964%; height: 24px;\">0,04 l<\/td>\n<td style=\"width: 8.7846%; height: 24px;\">69,-<\/td>\n<\/tr>\n<tr style=\"height: 24px;\">\n<td style=\"width: 77.9783%; height: 24px;\">Jack Daniels<\/td>\n<td style=\"width: 12.9964%; height: 24px;\">0,04 l<\/td>\n<td style=\"width: 8.7846%; height: 24px;\">89,-<\/td>\n<\/tr>\n<tr style=\"height: 24px;\">\n<td style=\"width: 77.9783%; height: 24px;\">BIER<\/td>\n<td style=\"width: 12.9964%; height: 24px;\"><\/td>\n<td style=\"width: 8.7846%; height: 24px;\"><\/td>\n<\/tr>\n<tr style=\"height: 24px;\">\n<td style=\"width: 77.9783%; height: 24px;\">DRAG BIER<\/td>\n<td style=\"width: 12.9964%; height: 24px;\"><\/td>\n<td style=\"width: 8.7846%; height: 24px;\"><\/td>\n<\/tr>\n<tr style=\"height: 24px;\">\n<td style=\"width: 77.9783%; height: 24px;\">Pilsner Urquell<\/td>\n<td style=\"width: 12.9964%; height: 24px;\">0,5 l<\/td>\n<td style=\"width: 8.7846%; height: 24px;\">67,-<\/td>\n<\/tr>\n<tr style=\"height: 24px;\">\n<td style=\"width: 77.9783%; height: 24px;\">Pilsner Urquell<\/td>\n<td style=\"width: 12.9964%; height: 24px;\">0,3 l<\/td>\n<td style=\"width: 8.7846%; height: 24px;\">41,-<\/td>\n<\/tr>\n<tr style=\"height: 24px;\">\n<td style=\"width: 77.9783%; height: 24px;\">Schwarze Ziege<\/td>\n<td style=\"width: 12.9964%; height: 24px;\">0,5 l<\/td>\n<td style=\"width: 8.7846%; height: 24px;\">59,-<\/td>\n<\/tr>\n<tr style=\"height: 24px;\">\n<td style=\"width: 77.9783%; height: 24px;\">Schwarze Ziege<\/td>\n<td style=\"width: 12.9964%; height: 24px;\">0,3 l<\/td>\n<td style=\"width: 8.7846%; height: 24px;\">36,-<\/td>\n<\/tr>\n<tr style=\"height: 24px;\">\n<td style=\"width: 77.9783%; height: 24px;\">FLASCHENBIER<\/td>\n<td style=\"width: 12.9964%; height: 24px;\"><\/td>\n<td style=\"width: 8.7846%; height: 24px;\"><\/td>\n<\/tr>\n<tr style=\"height: 24px;\">\n<td style=\"width: 77.9783%; height: 24px;\">Birell-Erfrischungsgetr\u00e4nk<\/td>\n<td style=\"width: 12.9964%; height: 24px;\">0,5 l<\/td>\n<td style=\"width: 8.7846%; height: 24px;\">49,-<\/td>\n<\/tr>\n<tr style=\"height: 24px;\">\n<td style=\"width: 77.9783%; height: 24px;\">Birell Pomelo\/Grapefruit<\/td>\n<td style=\"width: 12.9964%; height: 24px;\">0,33 l<\/td>\n<td style=\"width: 8.7846%; height: 24px;\">49,-<\/td>\n<\/tr>\n<tr style=\"height: 24px;\">\n<td style=\"width: 77.9783%; height: 24px;\">Corona<\/td>\n<td style=\"width: 12.9964%; height: 24px;\">0,33 l<\/td>\n<td style=\"width: 8.7846%; height: 24px;\">79,-<\/td>\n<\/tr>\n<tr style=\"height: 24px;\">\n<td style=\"width: 77.9783%; height: 24px;\">Frisko<\/td>\n<td style=\"width: 12.9964%; height: 24px;\">0,33 l<\/td>\n<td style=\"width: 8.7846%; height: 24px;\">55,-<\/td>\n<\/tr>\n<tr style=\"height: 24px;\">\n<td style=\"width: 77.9783%; height: 24px;\">Strongbow Apfelwein<\/td>\n<td style=\"width: 12.9964%; height: 24px;\">0,4 l<\/td>\n<td style=\"width: 8.7846%; height: 24px;\">59,-<\/td>\n<\/tr>\n<tr style=\"height: 24px;\">\n<td style=\"width: 77.9783%; height: 24px;\"><\/td>\n<td style=\"width: 12.9964%; height: 24px;\"><\/td>\n<td style=\"width: 8.7846%; height: 24px;\"><\/td>\n<\/tr>\n<tr style=\"height: 24px;\">\n<td style=\"width: 77.9783%; height: 24px;\">WEISSWEIN<\/td>\n<td style=\"width: 12.9964%; height: 24px;\"><\/td>\n<td style=\"width: 8.7846%; height: 24px;\"><\/td>\n<\/tr>\n<tr style=\"height: 24px;\">\n<td style=\"width: 77.9783%; height: 24px;\">Chardonnay trocken, Italien, Friaul<\/td>\n<td style=\"width: 12.9964%; height: 24px;\">0,2 l<\/td>\n<td style=\"width: 8.7846%; height: 24px;\">66,-<\/td>\n<\/tr>\n<tr style=\"height: 24px;\">\n<td style=\"width: 77.9783%; height: 24px;\"><\/td>\n<td style=\"width: 12.9964%; height: 24px;\"><\/td>\n<td style=\"width: 8.7846%; height: 24px;\"><\/td>\n<\/tr>\n<tr style=\"height: 24px;\">\n<td style=\"width: 77.9783%; height: 24px;\">ROTWEIN<\/td>\n<td style=\"width: 12.9964%; height: 24px;\"><\/td>\n<td style=\"width: 8.7846%; height: 24px;\"><\/td>\n<\/tr>\n<tr style=\"height: 24px;\">\n<td style=\"width: 77.9783%; height: 24px;\">Merlot trocken, Italien, Friaul<\/td>\n<td style=\"width: 12.9964%; height: 24px;\">0,2 l<\/td>\n<td style=\"width: 8.7846%; height: 24px;\">66,-<\/td>\n<\/tr>\n<tr style=\"height: 24px;\">\n<td style=\"width: 77.9783%; height: 24px;\">Rosato trocken, Italien, Friaul<\/td>\n<td style=\"width: 12.9964%; height: 24px;\">0,2 l<\/td>\n<td style=\"width: 8.7846%; height: 24px;\">66,-<\/td>\n<\/tr>\n<tr style=\"height: 24px;\">\n<td style=\"width: 77.9783%; height: 24px;\"><\/td>\n<td style=\"width: 12.9964%; height: 24px;\"><\/td>\n<td style=\"width: 8.7846%; height: 24px;\"><\/td>\n<\/tr>\n<tr style=\"height: 24px;\">\n<td style=\"width: 77.9783%; height: 24px;\">Eine gr\u00f6\u00dfere Auswahl an Weinen gem\u00e4\u00df der Weinkarte.<\/td>\n<td style=\"width: 12.9964%; height: 24px;\"><\/td>\n<td style=\"width: 8.7846%; height: 24px;\"><\/td>\n<\/tr>\n<tr style=\"height: 24px;\">\n<td style=\"width: 77.9783%; height: 24px;\">Gr\u00f6\u00dfere Auswahl an Weinen laut Weinkarte.<\/td>\n<td style=\"width: 12.9964%; height: 24px;\"><\/td>\n<td style=\"width: 8.7846%; height: 24px;\"><\/td>\n<\/tr>\n<tr style=\"height: 24px;\">\n<td style=\"width: 77.9783%; height: 24px;\">SEKTEN WEIN<\/td>\n<td style=\"width: 12.9964%; height: 24px;\"><\/td>\n<td style=\"width: 8.7846%; height: 24px;\"><\/td>\n<\/tr>\n<tr style=\"height: 24px;\">\n<td style=\"width: 77.9783%; height: 24px;\">Bohemia Brut, Demi sec<\/td>\n<td style=\"width: 12.9964%; height: 24px;\">0,75 l<\/td>\n<td style=\"width: 8.7846%; height: 24px;\">329,-<\/td>\n<\/tr>\n<tr style=\"height: 24px;\">\n<td style=\"width: 77.9783%; height: 24px;\">Prosecco<\/td>\n<td style=\"width: 12.9964%; height: 24px;\">0,7 l<\/td>\n<td style=\"width: 8.7846%; height: 24px;\">322,-<\/td>\n<\/tr>\n<tr style=\"height: 24px;\">\n<td style=\"width: 77.9783%; height: 24px;\">Prosecco<\/td>\n<td style=\"width: 12.9964%; height: 24px;\">0,2 l<\/td>\n<td style=\"width: 8.7846%; height: 24px;\">92,-<\/td>\n<\/tr>\n<tr style=\"height: 24px;\">\n<td style=\"width: 77.9783%; height: 24px;\">ALKOHOLFREIE GETR\u00c4NKE<\/td>\n<td style=\"width: 12.9964%; height: 24px;\"><\/td>\n<td style=\"width: 8.7846%; height: 24px;\"><\/td>\n<\/tr>\n<tr style=\"height: 24px;\">\n<td style=\"width: 77.9783%; height: 24px;\">Coca-Cola, Coca-Cola Zero<\/td>\n<td style=\"width: 12.9964%; height: 24px;\">0,33 l<\/td>\n<td style=\"width: 8.7846%; height: 24px;\">64,-<\/td>\n<\/tr>\n<tr style=\"height: 24px;\">\n<td style=\"width: 77.9783%; height: 24px;\">Fanta, Sprite<\/td>\n<td style=\"width: 12.9964%; height: 24px;\">0,33 l<\/td>\n<td style=\"width: 8.7846%; height: 24px;\">64,-<\/td>\n<\/tr>\n<tr style=\"height: 24px;\">\n<td style=\"width: 77.9783%; height: 24px;\">Kinley Tonic Water, Ginger Ale<\/td>\n<td style=\"width: 12.9964%; height: 24px;\">0,25 l<\/td>\n<td style=\"width: 8.7846%; height: 24px;\">64,-<\/td>\n<\/tr>\n<tr style=\"height: 24px;\">\n<td style=\"width: 77.9783%; height: 24px;\">Gr\u00fcner Tee von Nestea<\/td>\n<td style=\"width: 12.9964%; height: 24px;\">0,2 l<\/td>\n<td style=\"width: 8.7846%; height: 24px;\">64,-<\/td>\n<\/tr>\n<tr style=\"height: 24px;\">\n<td style=\"width: 77.9783%; height: 24px;\">Cappy-Apfel (Apfel)<\/td>\n<td style=\"width: 12.9964%; height: 24px;\">0,25 l<\/td>\n<td style=\"width: 8.7846%; height: 24px;\">64,-<\/td>\n<\/tr>\n<tr style=\"height: 24px;\">\n<td style=\"width: 77.9783%; height: 24px;\">Cappy-Multivitamin<\/td>\n<td style=\"width: 12.9964%; height: 24px;\">0,25 l<\/td>\n<td style=\"width: 8.7846%; height: 24px;\">64,-<\/td>\n<\/tr>\n<tr style=\"height: 24px;\">\n<td style=\"width: 77.9783%; height: 24px;\">Cappy Johannisbeere (schwarze Johannisbeere)<\/td>\n<td style=\"width: 12.9964%; height: 24px;\">0,25 l<\/td>\n<td style=\"width: 8.7846%; height: 24px;\">64,-<\/td>\n<\/tr>\n<tr style=\"height: 24px;\">\n<td style=\"width: 77.9783%; height: 24px;\">Cappy-Erdbeere<\/td>\n<td style=\"width: 12.9964%; height: 24px;\">0,25 l<\/td>\n<td style=\"width: 8.7846%; height: 24px;\">64,-<\/td>\n<\/tr>\n<tr style=\"height: 24px;\">\n<td style=\"width: 77.9783%; height: 24px;\">Cappy-Orangensaft<\/td>\n<td style=\"width: 12.9964%; height: 24px;\">0,25 l<\/td>\n<td style=\"width: 8.7846%; height: 24px;\">64,-<\/td>\n<\/tr>\n<tr style=\"height: 24px;\">\n<td style=\"width: 77.9783%; height: 24px;\">Bonaqua nach Angebot<\/td>\n<td style=\"width: 12.9964%; height: 24px;\">0,25 l<\/td>\n<td style=\"width: 8.7846%; height: 24px;\">45,-<\/td>\n<\/tr>\n<tr style=\"height: 24px;\">\n<td style=\"width: 77.9783%; height: 24px;\">Mattoni<\/td>\n<td style=\"width: 12.9964%; height: 24px;\">0,33 l<\/td>\n<td style=\"width: 8.7846%; height: 24px;\">45,-<\/td>\n<\/tr>\n<tr style=\"height: 24px;\">\n<td style=\"width: 77.9783%; height: 24px;\">R\u00f6merquelle<\/td>\n<td style=\"width: 12.9964%; height: 24px;\">0,75 l<\/td>\n<td style=\"width: 8.7846%; height: 24px;\">79,-<\/td>\n<\/tr>\n<tr style=\"height: 24px;\">\n<td style=\"width: 77.9783%; height: 24px;\">Hausgemachte Limonade<\/td>\n<td style=\"width: 12.9964%; height: 24px;\">0,4 l<\/td>\n<td style=\"width: 8.7846%; height: 24px;\">64,-<\/td>\n<\/tr>\n<tr style=\"height: 24px;\">\n<td style=\"width: 77.9783%; height: 24px;\">(Hausgemachte Limonade)<\/td>\n<td style=\"width: 12.9964%; height: 24px;\"><\/td>\n<td style=\"width: 8.7846%; height: 24px;\"><\/td>\n<\/tr>\n<tr style=\"height: 24px;\">\n<td style=\"width: 77.9783%; height: 24px;\">Red Bull (Dose)<\/td>\n<td style=\"width: 12.9964%; height: 24px;\">0,25 l<\/td>\n<td style=\"width: 8.7846%; height: 24px;\">69,-<\/td>\n<\/tr>\n<tr style=\"height: 24px;\">\n<td style=\"width: 77.9783%; height: 24px;\">Monster<\/td>\n<td style=\"width: 12.9964%; height: 24px;\">0,5 l<\/td>\n<td style=\"width: 8.7846%; height: 24px;\">74,-<\/td>\n<\/tr>\n<tr style=\"height: 24px;\">\n<td style=\"width: 77.9783%; height: 24px;\">HEISSGETR\u00c4NKE<\/td>\n<td style=\"width: 12.9964%; height: 24px;\"><\/td>\n<td style=\"width: 8.7846%; height: 24px;\"><\/td>\n<\/tr>\n<tr style=\"height: 24px;\">\n<td style=\"width: 77.9783%; height: 24px;\">Espresso<\/td>\n<td style=\"width: 12.9964%; height: 24px;\">7g<\/td>\n<td style=\"width: 8.7846%; height: 24px;\">65,-<\/td>\n<\/tr>\n<tr style=\"height: 24px;\">\n<td style=\"width: 77.9783%; height: 24px;\">Cappuccino<\/td>\n<td style=\"width: 12.9964%; height: 24px;\">7g<\/td>\n<td style=\"width: 8.7846%; height: 24px;\">65,-<\/td>\n<\/tr>\n<tr style=\"height: 24px;\">\n<td style=\"width: 77.9783%; height: 24px;\">Coffee Latte<\/td>\n<td style=\"width: 12.9964%; height: 24px;\">7g<\/td>\n<td style=\"width: 8.7846%; height: 24px;\">53,-<\/td>\n<\/tr>\n<tr style=\"height: 24px;\">\n<td style=\"width: 77.9783%; height: 24px;\">Entkoffeinierter Kaffee<\/td>\n<td style=\"width: 12.9964%; height: 24px;\">7g<\/td>\n<td style=\"width: 8.7846%; height: 24px;\">49,-<\/td>\n<\/tr>\n<tr style=\"height: 24px;\">\n<td style=\"width: 77.9783%; height: 24px;\">Irischer Kaffee<\/td>\n<td style=\"width: 12.9964%; height: 24px;\">7g<\/td>\n<td style=\"width: 8.7846%; height: 24px;\">105,-<\/td>\n<\/tr>\n<tr style=\"height: 24px;\">\n<td style=\"width: 77.9783%; height: 24px;\">Hei\u00dfe Schokolade<\/td>\n<td style=\"width: 12.9964%; height: 24px;\">0,2 l<\/td>\n<td style=\"width: 8.7846%; height: 24px;\">79,-<\/td>\n<\/tr>\n<tr style=\"height: 24px;\">\n<td style=\"width: 77.9783%; height: 24px;\">Grog (4cl Inland)<\/td>\n<td style=\"width: 12.9964%; height: 24px;\">0,2 l<\/td>\n<td style=\"width: 8.7846%; height: 24px;\">69,-<\/td>\n<\/tr>\n<tr style=\"height: 24px;\">\n<td style=\"width: 77.9783%; height: 24px;\">Hei\u00dfe Griotka (4cl Griotte)<\/td>\n<td style=\"width: 12.9964%; height: 24px;\">0,2 l<\/td>\n<td style=\"width: 8.7846%; height: 24px;\">69,-<\/td>\n<\/tr>\n<tr style=\"height: 24px;\">\n<td style=\"width: 77.9783%; height: 24px;\">Roter Gl\u00fchwein, Wei\u00dfwein<\/td>\n<td style=\"width: 12.9964%; height: 24px;\">0,2 l<\/td>\n<td style=\"width: 8.7846%; height: 24px;\">79,-<\/td>\n<\/tr>\n<tr style=\"height: 24px;\">\n<td style=\"width: 77.9783%; height: 24px;\">Earl Grey Tee<\/td>\n<td style=\"width: 12.9964%; height: 24px;\"><\/td>\n<td style=\"width: 8.7846%; height: 24px;\">75,-<\/td>\n<\/tr>\n<tr style=\"height: 24px;\">\n<td style=\"width: 77.9783%; height: 24px;\">Schatz<\/td>\n<td style=\"width: 12.9964%; height: 24px;\"><\/td>\n<td style=\"width: 8.7846%; height: 24px;\">10,-<\/td>\n<\/tr>\n<tr style=\"height: 24px;\">\n<td style=\"width: 77.9783%; height: 24px;\">MISCHGETR\u00c4NKE<\/td>\n<td style=\"width: 12.9964%; height: 24px;\"><\/td>\n<td style=\"width: 8.7846%; height: 24px;\"><\/td>\n<\/tr>\n<tr style=\"height: 24px;\">\n<td style=\"width: 77.9783%; height: 24px;\">Aperol-Spritz<\/td>\n<td style=\"width: 12.9964%; height: 24px;\"><\/td>\n<td style=\"width: 8.7846%; height: 24px;\">109,-<\/td>\n<\/tr>\n<tr style=\"height: 24px;\">\n<td style=\"width: 77.9783%; height: 24px;\">Cuba Libre<\/td>\n<td style=\"width: 12.9964%; height: 24px;\"><\/td>\n<td style=\"width: 8.7846%; height: 24px;\">149,-<\/td>\n<\/tr>\n<\/tbody>\n<\/table>\n<p>[\/et_pb_text][\/et_pb_column][\/et_pb_row][\/et_pb_section]<\/p>\n","protected":false},"excerpt":{"rendered":"<p>Aperitifs Cinzano bianco 0,1 Liter 69,- Cinzano rosso 0,1 Liter 69,- Martini extratrocken 0,1 Liter 69,- Campari 0,1 Liter 69,- LIK\u00d6RE &amp; SPIRITUOSEN KR\u00c4UTERLIK\u00d6RE Fernet Stock Original 0,04 l 65,- Fernet Stock Citrus 0,04 l 65,- Becherovka 0,04 l 65,- Becherovka Zitrone 0,04 l 65,- J\u00e4germeister 0,04 l 69,- LIK\u00d6RE Bo\u017ekov-Pfefferminze 0,04 l 59,- Bo\u017ekov [&hellip;]<\/p>\n","protected":false},"author":1,"featured_media":0,"parent":0,"menu_order":0,"comment_status":"closed","ping_status":"closed","template":"","meta":{"_et_pb_use_builder":"on","_et_pb_old_content":"","_et_gb_content_width":"","footnotes":""},"class_list":["post-298","page","type-page","status-publish","hentry"],"_links":{"self":[{"href":"https:\/\/www.amosrestaurant.cz\/de\/wp-json\/wp\/v2\/pages\/298","targetHints":{"allow":["GET"]}}],"collection":[{"href":"https:\/\/www.amosrestaurant.cz\/de\/wp-json\/wp\/v2\/pages"}],"about":[{"href":"https:\/\/www.amosrestaurant.cz\/de\/wp-json\/wp\/v2\/types\/page"}],"author":[{"embeddable":true,"href":"https:\/\/www.amosrestaurant.cz\/de\/wp-json\/wp\/v2\/users\/1"}],"replies":[{"embeddable":true,"href":"https:\/\/www.amosrestaurant.cz\/de\/wp-json\/wp\/v2\/comments?post=298"}],"version-history":[{"count":15,"href":"https:\/\/www.amosrestaurant.cz\/de\/wp-json\/wp\/v2\/pages\/298\/revisions"}],"predecessor-version":[{"id":516,"href":"https:\/\/www.amosrestaurant.cz\/de\/wp-json\/wp\/v2\/pages\/298\/revisions\/516"}],"wp:attachment":[{"href":"https:\/\/www.amosrestaurant.cz\/de\/wp-json\/wp\/v2\/media?parent=298"}],"curies":[{"name":"wp","href":"https:\/\/api.w.org\/{rel}","templated":true}]}}